{"id":841,"date":"2026-03-09T19:32:37","date_gmt":"2026-03-09T18:32:37","guid":{"rendered":"https:\/\/www.bufetecontestigarau.com\/nosaltres\/"},"modified":"2026-04-08T17:35:00","modified_gmt":"2026-04-08T15:35:00","slug":"nosaltres","status":"publish","type":"page","link":"https:\/\/www.bufetecontestigarau.com\/ca\/nosaltres\/","title":{"rendered":"Nosaltres"},"content":{"rendered":"\t\t<div data-elementor-type=\"wp-page\" data-elementor-id=\"841\" class=\"elementor elementor-841 elementor-193\" data-elementor-post-type=\"page\">\n\t\t\t\t<div class=\"elementor-element elementor-element-1687230 e-con-full cg-hero-section e-flex e-con e-parent\" data-id=\"1687230\" data-element_type=\"container\" data-e-type=\"container\" data-settings=\"{&quot;background_background&quot;:&quot;slideshow&quot;,&quot;background_slideshow_transition_duration&quot;:800,&quot;background_slideshow_ken_burns&quot;:&quot;yes&quot;,&quot;background_slideshow_gallery&quot;:[{&quot;id&quot;:491,&quot;url&quot;:&quot;https:\\\/\\\/www.bufetecontestigarau.com\\\/wp-content\\\/uploads\\\/2026\\\/03\\\/contesti-garau-nosotros.webp&quot;}],&quot;background_slideshow_loop&quot;:&quot;yes&quot;,&quot;background_slideshow_slide_duration&quot;:5000,&quot;background_slideshow_slide_transition&quot;:&quot;fade&quot;,&quot;background_slideshow_ken_burns_zoom_direction&quot;:&quot;in&quot;}\">\n\t\t\t\t<div class=\"elementor-element elementor-element-796ef6b elementor-widget__width-initial elementor-widget elementor-widget-image\" data-id=\"796ef6b\" data-element_type=\"widget\" data-e-type=\"widget\" data-widget_type=\"image.default\">\n\t\t\t\t\t\t\t\t\t\t\t\t\t\t\t<img fetchpriority=\"high\" decoding=\"async\" width=\"661\" height=\"377\" src=\"https:\/\/www.bufetecontestigarau.com\/wp-content\/uploads\/2026\/03\/CG-logo-abogados.png\" class=\"attachment-large size-large wp-image-846\" alt=\"\" srcset=\"https:\/\/www.bufetecontestigarau.com\/wp-content\/uploads\/2026\/03\/CG-logo-abogados.png 661w, https:\/\/www.bufetecontestigarau.com\/wp-content\/uploads\/2026\/03\/CG-logo-abogados-300x171.png 300w\" sizes=\"(max-width: 661px) 100vw, 661px\" \/>\t\t\t\t\t\t\t\t\t\t\t\t\t\t\t<\/div>\n\t\t\t\t<\/div>\n\t\t<div class=\"elementor-element elementor-element-483344b8 e-flex e-con-boxed e-con e-parent\" data-id=\"483344b8\" data-element_type=\"container\" data-e-type=\"container\">\n\t\t\t\t\t<div class=\"e-con-inner\">\n\t\t<div class=\"elementor-element elementor-element-6b5a242d e-con-full e-flex e-con e-child\" data-id=\"6b5a242d\" data-element_type=\"container\" data-e-type=\"container\">\n\t\t<div class=\"elementor-element elementor-element-1c942761 e-con-full e-flex e-con e-child\" data-id=\"1c942761\" data-element_type=\"container\" data-e-type=\"container\">\n\t\t\t\t<div class=\"elementor-element elementor-element-20baba22 elementor-widget elementor-widget-heading\" data-id=\"20baba22\" data-element_type=\"widget\" data-e-type=\"widget\" data-widget_type=\"heading.default\">\n\t\t\t\t\t<h1 class=\"elementor-heading-title elementor-size-default\">Nosaltres<\/h1>\t\t\t\t<\/div>\n\t\t\t\t<\/div>\n\t\t<div class=\"elementor-element elementor-element-3c6df36c e-con-full e-flex e-con e-child\" data-id=\"3c6df36c\" data-element_type=\"container\" data-e-type=\"container\">\n\t\t\t\t<div class=\"elementor-element elementor-element-3bf5b31 elementor-widget elementor-widget-image\" data-id=\"3bf5b31\" data-element_type=\"widget\" data-e-type=\"widget\" data-widget_type=\"image.default\">\n\t\t\t\t\t\t\t\t\t\t\t\t\t\t\t<img decoding=\"async\" width=\"90\" height=\"59\" src=\"https:\/\/www.bufetecontestigarau.com\/wp-content\/uploads\/2026\/03\/Recurso-3.png\" class=\"attachment-large size-large wp-image-851\" alt=\"\" \/>\t\t\t\t\t\t\t\t\t\t\t\t\t\t\t<\/div>\n\t\t\t\t<\/div>\n\t\t\t\t<\/div>\n\t\t\t\t\t<\/div>\n\t\t\t\t<\/div>\n\t\t<div class=\"elementor-element elementor-element-76c7780 e-flex e-con-boxed e-con e-parent\" data-id=\"76c7780\" data-element_type=\"container\" data-e-type=\"container\">\n\t\t\t\t\t<div class=\"e-con-inner\">\n\t\t\t\t<div class=\"elementor-element elementor-element-dee61e8 elementor-widget elementor-widget-text-editor\" data-id=\"dee61e8\" data-element_type=\"widget\" data-e-type=\"widget\" data-widget_type=\"text-editor.default\">\n\t\t\t\t\t\t\t\t\t<p>Fundat per Joan Contesti Segu\u00ed i Pedro Garau Fortuny, el despatx a Palma de Mallorca compta amb una traject\u00f2ria consolidada en l&#8217;assessorament legal integral.<\/p><p>Som un equip qualificat, amb profund coneixement local i experi\u00e8ncia jur\u00eddica internacional. Exercim el Dret com un servei professional basat en el comprom\u00eds i la confian\u00e7a.<\/p><p>Aportem rigor i una relaci\u00f3 personalitzada en la defensa dels vostres interessos.<\/p>\t\t\t\t\t\t\t\t<\/div>\n\t\t\t\t\t<\/div>\n\t\t\t\t<\/div>\n\t\t\t\t<\/div>\n\t\t","protected":false},"excerpt":{"rendered":"<p>Nosaltres Fundat per Joan Contesti Segu\u00ed i Pedro Garau Fortuny, el despatx a Palma de Mallorca compta amb una traject\u00f2ria consolidada en l&#8217;assessorament legal integral. Som un equip qualificat, amb profund coneixement local i experi\u00e8ncia jur\u00eddica internacional. Exercim el Dret com un servei professional basat en el comprom\u00eds i la confian\u00e7a. Aportem rigor i una [&hellip;]<\/p>\n","protected":false},"author":1,"featured_media":0,"parent":0,"menu_order":0,"comment_status":"closed","ping_status":"closed","template":"","meta":{"_acf_changed":false,"footnotes":""},"class_list":["post-841","page","type-page","status-publish","hentry"],"acf":[],"_links":{"self":[{"href":"https:\/\/www.bufetecontestigarau.com\/ca\/wp-json\/wp\/v2\/pages\/841","targetHints":{"allow":["GET"]}}],"collection":[{"href":"https:\/\/www.bufetecontestigarau.com\/ca\/wp-json\/wp\/v2\/pages"}],"about":[{"href":"https:\/\/www.bufetecontestigarau.com\/ca\/wp-json\/wp\/v2\/types\/page"}],"author":[{"embeddable":true,"href":"https:\/\/www.bufetecontestigarau.com\/ca\/wp-json\/wp\/v2\/users\/1"}],"replies":[{"embeddable":true,"href":"https:\/\/www.bufetecontestigarau.com\/ca\/wp-json\/wp\/v2\/comments?post=841"}],"version-history":[{"count":1,"href":"https:\/\/www.bufetecontestigarau.com\/ca\/wp-json\/wp\/v2\/pages\/841\/revisions"}],"predecessor-version":[{"id":842,"href":"https:\/\/www.bufetecontestigarau.com\/ca\/wp-json\/wp\/v2\/pages\/841\/revisions\/842"}],"wp:attachment":[{"href":"https:\/\/www.bufetecontestigarau.com\/ca\/wp-json\/wp\/v2\/media?parent=841"}],"curies":[{"name":"wp","href":"https:\/\/api.w.org\/{rel}","templated":true}]}}