{"id":843,"date":"2026-02-27T19:26:32","date_gmt":"2026-02-27T18:26:32","guid":{"rendered":"https:\/\/www.bufetecontestigarau.com\/inici\/"},"modified":"2026-04-08T19:58:15","modified_gmt":"2026-04-08T17:58:15","slug":"inici","status":"publish","type":"page","link":"https:\/\/www.bufetecontestigarau.com\/ca\/","title":{"rendered":"Inici"},"content":{"rendered":"\t\t<div data-elementor-type=\"wp-page\" data-elementor-id=\"843\" class=\"elementor elementor-843 elementor-63\" data-elementor-post-type=\"page\">\n\t\t\t\t<div class=\"elementor-element elementor-element-509fe8a9 e-con-full cg-hero-section e-flex e-con e-parent\" data-id=\"509fe8a9\" data-element_type=\"container\" data-e-type=\"container\" data-settings=\"{&quot;background_background&quot;:&quot;slideshow&quot;,&quot;background_slideshow_transition_duration&quot;:800,&quot;background_slideshow_ken_burns&quot;:&quot;yes&quot;,&quot;background_slideshow_gallery&quot;:[{&quot;id&quot;:978,&quot;url&quot;:&quot;https:\\\/\\\/www.bufetecontestigarau.com\\\/wp-content\\\/uploads\\\/2026\\\/03\\\/bufete-contesti-garau-14-scaled.webp&quot;},{&quot;id&quot;:973,&quot;url&quot;:&quot;https:\\\/\\\/www.bufetecontestigarau.com\\\/wp-content\\\/uploads\\\/2026\\\/03\\\/bufete-contesti-garau-32-scaled.webp&quot;},{&quot;id&quot;:979,&quot;url&quot;:&quot;https:\\\/\\\/www.bufetecontestigarau.com\\\/wp-content\\\/uploads\\\/2026\\\/03\\\/bufete-contesti-garau-22-scaled.webp&quot;},{&quot;id&quot;:980,&quot;url&quot;:&quot;https:\\\/\\\/www.bufetecontestigarau.com\\\/wp-content\\\/uploads\\\/2026\\\/03\\\/bufete-contesti-garau-23-scaled.webp&quot;}],&quot;background_slideshow_loop&quot;:&quot;yes&quot;,&quot;background_slideshow_slide_duration&quot;:5000,&quot;background_slideshow_slide_transition&quot;:&quot;fade&quot;,&quot;background_slideshow_ken_burns_zoom_direction&quot;:&quot;in&quot;}\">\n\t\t\t\t<div class=\"elementor-element elementor-element-77326f1 elementor-widget__width-initial elementor-widget elementor-widget-image\" data-id=\"77326f1\" data-element_type=\"widget\" data-e-type=\"widget\" data-widget_type=\"image.default\">\n\t\t\t\t\t\t\t\t\t\t\t\t\t\t\t<img fetchpriority=\"high\" decoding=\"async\" width=\"661\" height=\"377\" src=\"https:\/\/www.bufetecontestigarau.com\/wp-content\/uploads\/2026\/03\/CG-logo-abogados.png\" class=\"attachment-large size-large wp-image-846\" alt=\"\" srcset=\"https:\/\/www.bufetecontestigarau.com\/wp-content\/uploads\/2026\/03\/CG-logo-abogados.png 661w, https:\/\/www.bufetecontestigarau.com\/wp-content\/uploads\/2026\/03\/CG-logo-abogados-300x171.png 300w\" sizes=\"(max-width: 661px) 100vw, 661px\" \/>\t\t\t\t\t\t\t\t\t\t\t\t\t\t\t<\/div>\n\t\t\t\t<\/div>\n\t\t<div class=\"elementor-element elementor-element-1df43742 e-flex e-con-boxed e-con e-parent\" data-id=\"1df43742\" data-element_type=\"container\" data-e-type=\"container\" data-settings=\"{&quot;background_background&quot;:&quot;classic&quot;}\">\n\t\t\t\t\t<div class=\"e-con-inner\">\n\t\t\t\t<div class=\"elementor-element elementor-element-2604c34 elementor-widget elementor-widget-image\" data-id=\"2604c34\" data-element_type=\"widget\" data-e-type=\"widget\" data-widget_type=\"image.default\">\n\t\t\t\t\t\t\t\t\t\t\t\t\t\t\t<img decoding=\"async\" width=\"800\" height=\"61\" src=\"https:\/\/www.bufetecontestigarau.com\/wp-content\/uploads\/2026\/02\/contestigarau.svg\" class=\"attachment-large size-large wp-image-805\" alt=\"\" \/>\t\t\t\t\t\t\t\t\t\t\t\t\t\t\t<\/div>\n\t\t\t\t<div class=\"elementor-element elementor-element-46c31ce2 elementor-widget elementor-widget-heading\" data-id=\"46c31ce2\" data-element_type=\"widget\" data-e-type=\"widget\" data-widget_type=\"heading.default\">\n\t\t\t\t\t<h3 class=\"elementor-heading-title elementor-size-default\">Advocats a Palma de Mallorca.<\/h3>\t\t\t\t<\/div>\n\t\t\t\t<div class=\"elementor-element elementor-element-89f97f3 elementor-widget elementor-widget-text-editor\" data-id=\"89f97f3\" data-element_type=\"widget\" data-e-type=\"widget\" data-widget_type=\"text-editor.default\">\n\t\t\t\t\t\t\t\t\tAcompanyem persones i empreses aconseguint solucions jur\u00eddiques clares i eficaces.\t\t\t\t\t\t\t\t<\/div>\n\t\t\t\t<div class=\"elementor-element elementor-element-a1cdbe1 elementor-widget elementor-widget-image\" data-id=\"a1cdbe1\" data-element_type=\"widget\" data-e-type=\"widget\" data-widget_type=\"image.default\">\n\t\t\t\t\t\t\t\t\t\t\t\t\t\t\t<img decoding=\"async\" width=\"150\" height=\"28\" src=\"https:\/\/www.bufetecontestigarau.com\/wp-content\/uploads\/2026\/03\/Recurso-4.png\" class=\"attachment-large size-large wp-image-852\" alt=\"\" \/>\t\t\t\t\t\t\t\t\t\t\t\t\t\t\t<\/div>\n\t\t\t\t<div class=\"elementor-element elementor-element-916bedc elementor-absolute elementor-widget elementor-widget-image\" data-id=\"916bedc\" data-element_type=\"widget\" data-e-type=\"widget\" data-settings=\"{&quot;_position&quot;:&quot;absolute&quot;}\" data-widget_type=\"image.default\">\n\t\t\t\t\t\t\t\t\t\t\t\t\t\t\t<img loading=\"lazy\" decoding=\"async\" width=\"408\" height=\"612\" src=\"https:\/\/www.bufetecontestigarau.com\/wp-content\/uploads\/2026\/03\/fondo-web-rombos.png\" class=\"attachment-large size-large wp-image-848\" alt=\"\" srcset=\"https:\/\/www.bufetecontestigarau.com\/wp-content\/uploads\/2026\/03\/fondo-web-rombos.png 408w, https:\/\/www.bufetecontestigarau.com\/wp-content\/uploads\/2026\/03\/fondo-web-rombos-200x300.png 200w\" sizes=\"(max-width: 408px) 100vw, 408px\" \/>\t\t\t\t\t\t\t\t\t\t\t\t\t\t\t<\/div>\n\t\t\t\t\t<\/div>\n\t\t\t\t<\/div>\n\t\t<div class=\"elementor-element elementor-element-6b4ddcc3 e-flex e-con-boxed e-con e-parent\" data-id=\"6b4ddcc3\" data-element_type=\"container\" data-e-type=\"container\" data-settings=\"{&quot;background_background&quot;:&quot;classic&quot;}\">\n\t\t\t\t\t<div class=\"e-con-inner\">\n\t\t<div class=\"elementor-element elementor-element-3134f5cc e-con-full e-flex e-con e-child\" data-id=\"3134f5cc\" data-element_type=\"container\" data-e-type=\"container\">\n\t\t\t\t<div class=\"elementor-element elementor-element-2b93abe8 elementor-widget elementor-widget-heading\" data-id=\"2b93abe8\" data-element_type=\"widget\" data-e-type=\"widget\" data-widget_type=\"heading.default\">\n\t\t\t\t\t<h2 class=\"elementor-heading-title elementor-size-default\">La solidesa d'una traject\u00f2ria constru\u00efda amb rigor i comprom\u00eds.<\/h2>\t\t\t\t<\/div>\n\t\t\t\t<div class=\"elementor-element elementor-element-412b9f07 elementor-widget elementor-widget-text-editor\" data-id=\"412b9f07\" data-element_type=\"widget\" data-e-type=\"widget\" data-widget_type=\"text-editor.default\">\n\t\t\t\t\t\t\t\t\t<p>Exercim el Dret com un servei professional basat en el comprom\u00eds i la confian\u00e7a, aportant rigor i una relaci\u00f3 personalitzada en la defensa dels vostres interessos.<\/p>\t\t\t\t\t\t\t\t<\/div>\n\t\t\t\t<\/div>\n\t\t<div class=\"elementor-element elementor-element-2f968683 e-con-full e-flex e-con e-child\" data-id=\"2f968683\" data-element_type=\"container\" data-e-type=\"container\">\n\t\t\t\t<div class=\"elementor-element elementor-element-1c875ca4 elementor-widget elementor-widget-image\" data-id=\"1c875ca4\" data-element_type=\"widget\" data-e-type=\"widget\" data-widget_type=\"image.default\">\n\t\t\t\t\t\t\t\t\t\t\t\t\t\t\t<img loading=\"lazy\" decoding=\"async\" width=\"464\" height=\"453\" src=\"https:\/\/www.bufetecontestigarau.com\/wp-content\/uploads\/2026\/03\/Recurso-2.png\" class=\"attachment-large size-large wp-image-850\" alt=\"\" srcset=\"https:\/\/www.bufetecontestigarau.com\/wp-content\/uploads\/2026\/03\/Recurso-2.png 464w, https:\/\/www.bufetecontestigarau.com\/wp-content\/uploads\/2026\/03\/Recurso-2-300x293.png 300w\" sizes=\"(max-width: 464px) 100vw, 464px\" \/>\t\t\t\t\t\t\t\t\t\t\t\t\t\t\t<\/div>\n\t\t\t\t<div class=\"elementor-element elementor-element-2de3e80 elementor-widget elementor-widget-text-editor\" data-id=\"2de3e80\" data-element_type=\"widget\" data-e-type=\"widget\" data-widget_type=\"text-editor.default\">\n\t\t\t\t\t\t\t\t\t<div style=\"display:flex;justify-content:flex-end;gap:6px;margin-top:16px;\"><span style=\"display:inline-block;width:12px;height:12px;transform:rotate(45deg);background:#D4C9A8;opacity:0.5;\"><\/span><span style=\"display:inline-block;width:14px;height:14px;transform:rotate(45deg);background:#8B7D3C;\"><\/span><span style=\"display:inline-block;width:12px;height:12px;transform:rotate(45deg);background:#D4C9A8;opacity:0.5;\"><\/span><\/div>\t\t\t\t\t\t\t\t<\/div>\n\t\t\t\t<\/div>\n\t\t\t\t\t<\/div>\n\t\t\t\t<\/div>\n\t\t<div class=\"elementor-element elementor-element-a765123 e-flex e-con-boxed e-con e-parent\" data-id=\"a765123\" data-element_type=\"container\" data-e-type=\"container\" data-settings=\"{&quot;background_background&quot;:&quot;classic&quot;}\">\n\t\t\t\t\t<div class=\"e-con-inner\">\n\t\t\t\t<div class=\"elementor-element elementor-element-d4d9758 elementor-invisible elementor-widget elementor-widget-heading\" data-id=\"d4d9758\" data-element_type=\"widget\" data-e-type=\"widget\" data-settings=\"{&quot;_animation&quot;:&quot;fadeInUp&quot;,&quot;_animation_delay&quot;:100}\" data-widget_type=\"heading.default\">\n\t\t\t\t\t<h2 class=\"elementor-heading-title elementor-size-default\">En qu\u00e8 us podem ajudar?<\/h2>\t\t\t\t<\/div>\n\t\t\t\t<div class=\"elementor-element elementor-element-c117e74 elementor-widget elementor-widget-text-editor\" data-id=\"c117e74\" data-element_type=\"widget\" data-e-type=\"widget\" data-widget_type=\"text-editor.default\">\n\t\t\t\t\t\t\t\t\tUn comprom\u00eds ferm amb els vostres interessos. Poseu-vos en contacte amb nosaltres per rebre un assessorament jur\u00eddic rigor\u00f3s i personalitzat.\t\t\t\t\t\t\t\t<\/div>\n\t\t\t\t<div class=\"elementor-element elementor-element-a1c82f9 elementor-button-align-stretch elementor-invisible elementor-widget elementor-widget-form\" data-id=\"a1c82f9\" data-element_type=\"widget\" data-e-type=\"widget\" data-settings=\"{&quot;_animation&quot;:&quot;fadeInUp&quot;,&quot;_animation_delay&quot;:200,&quot;step_next_label&quot;:&quot;Seg\\u00fcent&quot;,&quot;step_previous_label&quot;:&quot;Anterior&quot;,&quot;button_width&quot;:&quot;100&quot;,&quot;step_type&quot;:&quot;number_text&quot;,&quot;step_icon_shape&quot;:&quot;circle&quot;}\" data-widget_type=\"form.default\">\n\t\t\t\t\t\t\t<form class=\"elementor-form\" method=\"post\" name=\"Formulari de Contacte Home\" aria-label=\"Formulari de Contacte Home\">\n\t\t\t<input type=\"hidden\" name=\"post_id\" value=\"843\"\/>\n\t\t\t<input type=\"hidden\" name=\"form_id\" value=\"a1c82f9\"\/>\n\t\t\t<input type=\"hidden\" name=\"referer_title\" value=\"Inici - Buffete Contesti &amp; Garau\" \/>\n\n\t\t\t\t\t\t\t<input type=\"hidden\" name=\"queried_id\" value=\"843\"\/>\n\t\t\t\n\t\t\t<div class=\"elementor-form-fields-wrapper elementor-labels-above\">\n\t\t\t\t\t\t\t\t<div class=\"elementor-field-type-text elementor-field-group elementor-column elementor-field-group-nombre elementor-col-50 elementor-field-required\">\n\t\t\t\t\t\t\t\t\t\t\t\t\t<input size=\"1\" type=\"text\" name=\"form_fields[nombre]\" id=\"form-field-nombre\" class=\"elementor-field elementor-size-sm  elementor-field-textual\" placeholder=\"Nom\" required=\"required\">\n\t\t\t\t\t\t\t\t\t\t\t<\/div>\n\t\t\t\t\t\t\t\t<div class=\"elementor-field-type-email elementor-field-group elementor-column elementor-field-group-email elementor-col-50 elementor-field-required\">\n\t\t\t\t\t\t\t\t\t\t\t\t\t<input size=\"1\" type=\"email\" name=\"form_fields[email]\" id=\"form-field-email\" class=\"elementor-field elementor-size-sm  elementor-field-textual\" placeholder=\"Ateneu electr\u00f2nic\" required=\"required\">\n\t\t\t\t\t\t\t\t\t\t\t<\/div>\n\t\t\t\t\t\t\t\t<div class=\"elementor-field-type-text elementor-field-group elementor-column elementor-field-group-asunto elementor-col-100 elementor-field-required\">\n\t\t\t\t\t\t\t\t\t\t\t\t\t<input size=\"1\" type=\"text\" name=\"form_fields[asunto]\" id=\"form-field-asunto\" class=\"elementor-field elementor-size-sm  elementor-field-textual\" placeholder=\"Assumpte\" required=\"required\">\n\t\t\t\t\t\t\t\t\t\t\t<\/div>\n\t\t\t\t\t\t\t\t<div class=\"elementor-field-type-textarea elementor-field-group elementor-column elementor-field-group-mensaje elementor-col-100 elementor-field-required\">\n\t\t\t\t\t<textarea class=\"elementor-field-textual elementor-field  elementor-size-sm\" name=\"form_fields[mensaje]\" id=\"form-field-mensaje\" rows=\"5\" placeholder=\"Missatge\" required=\"required\"><\/textarea>\t\t\t\t<\/div>\n\t\t\t\t\t\t\t\t<div class=\"elementor-field-type-acceptance elementor-field-group elementor-column elementor-field-group-aceptacion elementor-col-100 elementor-field-required\">\n\t\t\t\t\t\t\t<div class=\"elementor-field-subgroup\">\n\t\t\t<span class=\"elementor-field-option\">\n\t\t\t\t<input type=\"checkbox\" name=\"form_fields[aceptacion]\" id=\"form-field-aceptacion\" class=\"elementor-field elementor-size-sm  elementor-acceptance-field\" required=\"required\">\n\t\t\t\t<label for=\"form-field-aceptacion\">He llegit i accepto la <a style=\"color:#8B7D3C;\" href=\"\/politica-de-privacidad\/\">Pol\u00edtica de privadesa<\/a><\/label>\t\t\t<\/span>\n\t\t<\/div>\n\t\t\t\t\t\t<\/div>\n\t\t\t\t\t\t\t\t<div class=\"elementor-field-group elementor-column elementor-field-type-submit elementor-col-100 e-form__buttons\">\n\t\t\t\t\t<button class=\"elementor-button elementor-size-md\" type=\"submit\">\n\t\t\t\t\t\t<span class=\"elementor-button-content-wrapper\">\n\t\t\t\t\t\t\t\t\t\t\t\t\t\t\t\t\t\t\t\t\t\t<span class=\"elementor-button-text\">ENVIAR<\/span>\n\t\t\t\t\t\t\t\t\t\t\t\t\t<\/span>\n\t\t\t\t\t<\/button>\n\t\t\t\t<\/div>\n\t\t\t<\/div>\n\t\t<\/form>\n\t\t\t\t\t\t<\/div>\n\t\t\t\t\t<\/div>\n\t\t\t\t<\/div>\n\t\t\t\t<\/div>\n\t\t","protected":false},"excerpt":{"rendered":"<p>Advocats a Palma de Mallorca. Acompanyem persones i empreses aconseguint solucions jur\u00eddiques clares i eficaces. La solidesa d&#8217;una traject\u00f2ria constru\u00efda amb rigor i comprom\u00eds. Exercim el Dret com un servei professional basat en el comprom\u00eds i la confian\u00e7a, aportant rigor i una relaci\u00f3 personalitzada en la defensa dels vostres interessos. En qu\u00e8 us podem ajudar? [&hellip;]<\/p>\n","protected":false},"author":1,"featured_media":0,"parent":0,"menu_order":0,"comment_status":"closed","ping_status":"closed","template":"elementor_header_footer","meta":{"_acf_changed":false,"footnotes":""},"class_list":["post-843","page","type-page","status-publish","hentry"],"acf":[],"_links":{"self":[{"href":"https:\/\/www.bufetecontestigarau.com\/ca\/wp-json\/wp\/v2\/pages\/843","targetHints":{"allow":["GET"]}}],"collection":[{"href":"https:\/\/www.bufetecontestigarau.com\/ca\/wp-json\/wp\/v2\/pages"}],"about":[{"href":"https:\/\/www.bufetecontestigarau.com\/ca\/wp-json\/wp\/v2\/types\/page"}],"author":[{"embeddable":true,"href":"https:\/\/www.bufetecontestigarau.com\/ca\/wp-json\/wp\/v2\/users\/1"}],"replies":[{"embeddable":true,"href":"https:\/\/www.bufetecontestigarau.com\/ca\/wp-json\/wp\/v2\/comments?post=843"}],"version-history":[{"count":2,"href":"https:\/\/www.bufetecontestigarau.com\/ca\/wp-json\/wp\/v2\/pages\/843\/revisions"}],"predecessor-version":[{"id":981,"href":"https:\/\/www.bufetecontestigarau.com\/ca\/wp-json\/wp\/v2\/pages\/843\/revisions\/981"}],"wp:attachment":[{"href":"https:\/\/www.bufetecontestigarau.com\/ca\/wp-json\/wp\/v2\/media?parent=843"}],"curies":[{"name":"wp","href":"https:\/\/api.w.org\/{rel}","templated":true}]}}