{"id":1030,"date":"2026-04-08T20:14:56","date_gmt":"2026-04-08T18:14:56","guid":{"rendered":"https:\/\/www.bufetecontestigarau.com\/impressum\/"},"modified":"2026-04-09T17:05:02","modified_gmt":"2026-04-09T15:05:02","slug":"impressum","status":"publish","type":"page","link":"https:\/\/www.bufetecontestigarau.com\/de\/impressum\/","title":{"rendered":"Impressum"},"content":{"rendered":"\t\t<div data-elementor-type=\"wp-page\" data-elementor-id=\"1030\" class=\"elementor elementor-1030 elementor-992\" data-elementor-post-type=\"page\">\n\t\t\t\t<div class=\"elementor-element elementor-element-242e25a e-flex e-con-boxed e-con e-parent\" data-id=\"242e25a\" data-element_type=\"container\" data-e-type=\"container\">\n\t\t\t\t\t<div class=\"e-con-inner\">\n\t\t<div class=\"elementor-element elementor-element-698314a e-con-full e-flex e-con e-child\" data-id=\"698314a\" data-element_type=\"container\" data-e-type=\"container\">\n\t\t<div class=\"elementor-element elementor-element-c2354b0 e-con-full e-flex e-con e-child\" data-id=\"c2354b0\" data-element_type=\"container\" data-e-type=\"container\">\n\t\t\t\t<div class=\"elementor-element elementor-element-082e88a elementor-widget elementor-widget-heading\" data-id=\"082e88a\" data-element_type=\"widget\" data-e-type=\"widget\" data-widget_type=\"heading.default\">\n\t\t\t\t\t<h1 class=\"elementor-heading-title elementor-size-default\">Impressum<\/h1>\t\t\t\t<\/div>\n\t\t\t\t<\/div>\n\t\t<div class=\"elementor-element elementor-element-3d40f5f e-con-full e-flex e-con e-child\" data-id=\"3d40f5f\" data-element_type=\"container\" data-e-type=\"container\">\n\t\t\t\t<div class=\"elementor-element elementor-element-a938711 elementor-widget elementor-widget-image\" data-id=\"a938711\" data-element_type=\"widget\" data-e-type=\"widget\" data-widget_type=\"image.default\">\n\t\t\t\t\t\t\t\t\t\t\t\t\t\t\t<img decoding=\"async\" width=\"90\" height=\"59\" src=\"https:\/\/www.bufetecontestigarau.com\/wp-content\/uploads\/2026\/03\/Recurso-3.png\" class=\"attachment-large size-large wp-image-862\" alt=\"\" \/>\t\t\t\t\t\t\t\t\t\t\t\t\t\t\t<\/div>\n\t\t\t\t<\/div>\n\t\t\t\t<\/div>\n\t\t\t\t\t<\/div>\n\t\t\t\t<\/div>\n\t\t<div class=\"elementor-element elementor-element-5b99c9f4 e-flex e-con-boxed e-con e-parent\" data-id=\"5b99c9f4\" data-element_type=\"container\" data-e-type=\"container\">\n\t\t\t\t\t<div class=\"e-con-inner\">\n\t\t\t\t<div class=\"elementor-element elementor-element-5ff940ce elementor-widget elementor-widget-text-editor\" data-id=\"5ff940ce\" data-element_type=\"widget\" data-e-type=\"widget\" data-widget_type=\"text-editor.default\">\n\t\t\t\t\t\t\t\t\t<p><b>Identifizierung des Inhabers<\/b><span style=\"font-weight: 400;\"> In Erf\u00fcllung von Artikel 10 des Gesetzes 34\/2002 vom 11. Juli \u00fcber Dienste der Informationsgesellschaft und elektronischen Gesch\u00e4ftsverkehr werden die Identifikationsdaten des Inhabers dargelegt:<\/span><\/p><ul><li style=\"font-weight: 400;\" aria-level=\"1\"><b>Inhaber:<\/b><span style=\"font-weight: 400;\"> Joan Contest\u00ed Segu\u00ed und Pedro Garau Fortuny.<\/span><\/li><li style=\"font-weight: 400;\" aria-level=\"1\"><b>Handelsname: <\/b><span style=\"font-weight: 400;\"> BUFETE CONTEST\u00cd &amp; GARAU.<\/span><\/li><li style=\"font-weight: 400;\" aria-level=\"1\"><b>Steuernummer:<\/b><span style=\"font-weight: 400;\"> B57769168<\/span><\/li><li style=\"font-weight: 400;\" aria-level=\"1\"><b>Beruflicher Sitz:<\/b><span style=\"font-weight: 400;\"> V\u00eda Roma Nr. 5, Hauptgeschoss erste, 07012, Palma de Mallorca<\/span><\/li><li style=\"font-weight: 400;\" aria-level=\"1\"><b>E-Mail:<\/b><span style=\"font-weight: 400;\"> info@bufetecontestigarau.com<\/span><\/li><li style=\"font-weight: 400;\" aria-level=\"1\"><b>Telefon:<\/b><span style=\"font-weight: 400;\"> 971417104<\/span><\/li><\/ul><p><b>Geistiges Eigentum und Berufsordnung<\/b><span style=\"font-weight: 400;\"> Die Inhalte dieser Website (Texte, Bilder, grafisches Design und Quellcode) sind Eigentum der Inhaber oder Dritter mit entsprechender Genehmigung. Als praktizierende Rechtsanw\u00e4lte unterliegt die berufliche T\u00e4tigkeit den Standesregeln der spanischen Anwaltschaft und der Rechtsanwaltskammer der Balearen (ICAIB).<\/span><\/p>\t\t\t\t\t\t\t\t<\/div>\n\t\t\t\t\t<\/div>\n\t\t\t\t<\/div>\n\t\t\t\t<\/div>\n\t\t","protected":false},"excerpt":{"rendered":"<p>Impressum Identifizierung des Inhabers In Erf\u00fcllung von Artikel 10 des Gesetzes 34\/2002 vom 11. Juli \u00fcber Dienste der Informationsgesellschaft und elektronischen Gesch\u00e4ftsverkehr werden die Identifikationsdaten des Inhabers dargelegt: Inhaber: Joan Contest\u00ed Segu\u00ed und Pedro Garau Fortuny. Handelsname: BUFETE CONTEST\u00cd &amp; GARAU. Steuernummer: B57769168 Beruflicher Sitz: V\u00eda Roma Nr. 5, Hauptgeschoss erste, 07012, Palma de Mallorca [&hellip;]<\/p>\n","protected":false},"author":1,"featured_media":0,"parent":0,"menu_order":0,"comment_status":"closed","ping_status":"closed","template":"","meta":{"_acf_changed":false,"footnotes":""},"class_list":["post-1030","page","type-page","status-publish","hentry"],"acf":[],"_links":{"self":[{"href":"https:\/\/www.bufetecontestigarau.com\/de\/wp-json\/wp\/v2\/pages\/1030","targetHints":{"allow":["GET"]}}],"collection":[{"href":"https:\/\/www.bufetecontestigarau.com\/de\/wp-json\/wp\/v2\/pages"}],"about":[{"href":"https:\/\/www.bufetecontestigarau.com\/de\/wp-json\/wp\/v2\/types\/page"}],"author":[{"embeddable":true,"href":"https:\/\/www.bufetecontestigarau.com\/de\/wp-json\/wp\/v2\/users\/1"}],"replies":[{"embeddable":true,"href":"https:\/\/www.bufetecontestigarau.com\/de\/wp-json\/wp\/v2\/comments?post=1030"}],"version-history":[{"count":2,"href":"https:\/\/www.bufetecontestigarau.com\/de\/wp-json\/wp\/v2\/pages\/1030\/revisions"}],"predecessor-version":[{"id":1058,"href":"https:\/\/www.bufetecontestigarau.com\/de\/wp-json\/wp\/v2\/pages\/1030\/revisions\/1058"}],"wp:attachment":[{"href":"https:\/\/www.bufetecontestigarau.com\/de\/wp-json\/wp\/v2\/media?parent=1030"}],"curies":[{"name":"wp","href":"https:\/\/api.w.org\/{rel}","templated":true}]}}