{"id":1039,"date":"2026-04-08T20:18:23","date_gmt":"2026-04-08T18:18:23","guid":{"rendered":"https:\/\/www.bufetecontestigarau.com\/datenschutzerklaerung\/"},"modified":"2026-04-09T17:05:17","modified_gmt":"2026-04-09T15:05:17","slug":"datenschutzerklaerung","status":"publish","type":"page","link":"https:\/\/www.bufetecontestigarau.com\/de\/datenschutzerklaerung\/","title":{"rendered":"Datenschutzerkl\u00e4rung"},"content":{"rendered":"\t\t<div data-elementor-type=\"wp-page\" data-elementor-id=\"1039\" class=\"elementor elementor-1039 elementor-993\" data-elementor-post-type=\"page\">\n\t\t\t\t<div class=\"elementor-element elementor-element-ce776c9 e-flex e-con-boxed e-con e-parent\" data-id=\"ce776c9\" data-element_type=\"container\" data-e-type=\"container\">\n\t\t\t\t\t<div class=\"e-con-inner\">\n\t\t<div class=\"elementor-element elementor-element-0b02b2d e-con-full e-flex e-con e-child\" data-id=\"0b02b2d\" data-element_type=\"container\" data-e-type=\"container\">\n\t\t<div class=\"elementor-element elementor-element-461ca5d e-con-full e-flex e-con e-child\" data-id=\"461ca5d\" data-element_type=\"container\" data-e-type=\"container\">\n\t\t\t\t<div class=\"elementor-element elementor-element-46a90c0 elementor-widget elementor-widget-heading\" data-id=\"46a90c0\" data-element_type=\"widget\" data-e-type=\"widget\" data-widget_type=\"heading.default\">\n\t\t\t\t\t<h1 class=\"elementor-heading-title elementor-size-default\">Datenschutzerkl\u00e4rung<\/h1>\t\t\t\t<\/div>\n\t\t\t\t<\/div>\n\t\t<div class=\"elementor-element elementor-element-6971c14 e-con-full e-flex e-con e-child\" data-id=\"6971c14\" data-element_type=\"container\" data-e-type=\"container\">\n\t\t\t\t<div class=\"elementor-element elementor-element-b4646ce elementor-widget elementor-widget-image\" data-id=\"b4646ce\" data-element_type=\"widget\" data-e-type=\"widget\" data-widget_type=\"image.default\">\n\t\t\t\t\t\t\t\t\t\t\t\t\t\t\t<img decoding=\"async\" width=\"90\" height=\"59\" src=\"https:\/\/www.bufetecontestigarau.com\/wp-content\/uploads\/2026\/03\/Recurso-3.png\" class=\"attachment-large size-large wp-image-862\" alt=\"\" \/>\t\t\t\t\t\t\t\t\t\t\t\t\t\t\t<\/div>\n\t\t\t\t<\/div>\n\t\t\t\t<\/div>\n\t\t\t\t\t<\/div>\n\t\t\t\t<\/div>\n\t\t<div class=\"elementor-element elementor-element-36150200 e-flex e-con-boxed e-con e-parent\" data-id=\"36150200\" data-element_type=\"container\" data-e-type=\"container\">\n\t\t\t\t\t<div class=\"e-con-inner\">\n\t\t\t\t<div class=\"elementor-element elementor-element-711196b6 elementor-widget elementor-widget-text-editor\" data-id=\"711196b6\" data-element_type=\"widget\" data-e-type=\"widget\" data-widget_type=\"text-editor.default\">\n\t\t\t\t\t\t\t\t\t<p><b>Verantwortlicher f\u00fcr die Verarbeitung<\/b><span style=\"font-weight: 400;\"> Die \u00fcber das Kontaktformular bereitgestellten Daten werden verarbeitet von<\/span><b>:<\/b><span style=\"font-weight: 400;\"> BUFETE CONTEST\u00cd &amp; GARAU, ausschlie\u00dflich zum Zweck, Ihre Anfrage zu bearbeiten und die angeforderte Rechtsberatung zu erbringen.<\/span><\/p><p><b>Rechtsgrundlage und Aufbewahrung<\/b><span style=\"font-weight: 400;\"> Rechtsgrundlage f\u00fcr die Verarbeitung ist die <\/span><b>Einwilligung des Nutzers<\/b><span style=\"font-weight: 400;\"> durch das Absenden des Formulars. Die Daten werden so lange aufbewahrt, wie es zur Erf\u00fcllung des Zwecks, zu dem sie erhoben wurden, erforderlich ist, sowie zur Feststellung etwaiger Verantwortlichkeiten, die sich aus diesem Zweck und der Datenverarbeitung ergeben k\u00f6nnten. <\/span> <\/p><p><b>Rechte des Nutzers<\/b><span style=\"font-weight: 400;\"> Sie haben das Recht auf: <\/span> <\/p><ul><li style=\"font-weight: 400;\" aria-level=\"1\"><span style=\"font-weight: 400;\">Zugriff auf Ihre personenbezogenen Daten.<\/span><\/li><li style=\"font-weight: 400;\" aria-level=\"1\"><span style=\"font-weight: 400;\">Berichtigung unrichtiger Daten zu verlangen.<\/span><\/li><li style=\"font-weight: 400;\" aria-level=\"1\"><span style=\"font-weight: 400;\">L\u00f6schung zu verlangen, wenn sie nicht mehr erforderlich sind.<\/span><\/li><li style=\"font-weight: 400;\" aria-level=\"1\"><span style=\"font-weight: 400;\">Der Verarbeitung zu widersprechen oder sie einzuschr\u00e4nken.<\/span><\/li><\/ul><p><span style=\"font-weight: 400;\">Zur Aus\u00fcbung dieser Rechte k\u00f6nnen Sie eine schriftliche Mitteilung an die E-Mail-Adresse info@bufetecontestigarau.com senden und eine Kopie Ihres Personalausweises (DNI) oder eines gleichwertigen Dokuments beif\u00fcgen. Wenn Sie der Ansicht sind, dass Ihre Rechte nicht ordnungsgem\u00e4\u00df beachtet wurden, haben Sie das Recht, bei der Spanischen Datenschutzbeh\u00f6rde (AEPD) Beschwerde einzulegen.<\/span><\/p>\t\t\t\t\t\t\t\t<\/div>\n\t\t\t\t\t<\/div>\n\t\t\t\t<\/div>\n\t\t\t\t<\/div>\n\t\t","protected":false},"excerpt":{"rendered":"<p>Datenschutzerkl\u00e4rung Verantwortlicher f\u00fcr die Verarbeitung Die \u00fcber das Kontaktformular bereitgestellten Daten werden verarbeitet von: BUFETE CONTEST\u00cd &amp; GARAU, ausschlie\u00dflich zum Zweck, Ihre Anfrage zu bearbeiten und die angeforderte Rechtsberatung zu erbringen. Rechtsgrundlage und Aufbewahrung Rechtsgrundlage f\u00fcr die Verarbeitung ist die Einwilligung des Nutzers durch das Absenden des Formulars. Die Daten werden so lange aufbewahrt, wie [&hellip;]<\/p>\n","protected":false},"author":1,"featured_media":0,"parent":0,"menu_order":0,"comment_status":"closed","ping_status":"closed","template":"","meta":{"_acf_changed":false,"footnotes":""},"class_list":["post-1039","page","type-page","status-publish","hentry"],"acf":[],"_links":{"self":[{"href":"https:\/\/www.bufetecontestigarau.com\/de\/wp-json\/wp\/v2\/pages\/1039","targetHints":{"allow":["GET"]}}],"collection":[{"href":"https:\/\/www.bufetecontestigarau.com\/de\/wp-json\/wp\/v2\/pages"}],"about":[{"href":"https:\/\/www.bufetecontestigarau.com\/de\/wp-json\/wp\/v2\/types\/page"}],"author":[{"embeddable":true,"href":"https:\/\/www.bufetecontestigarau.com\/de\/wp-json\/wp\/v2\/users\/1"}],"replies":[{"embeddable":true,"href":"https:\/\/www.bufetecontestigarau.com\/de\/wp-json\/wp\/v2\/comments?post=1039"}],"version-history":[{"count":2,"href":"https:\/\/www.bufetecontestigarau.com\/de\/wp-json\/wp\/v2\/pages\/1039\/revisions"}],"predecessor-version":[{"id":1062,"href":"https:\/\/www.bufetecontestigarau.com\/de\/wp-json\/wp\/v2\/pages\/1039\/revisions\/1062"}],"wp:attachment":[{"href":"https:\/\/www.bufetecontestigarau.com\/de\/wp-json\/wp\/v2\/media?parent=1039"}],"curies":[{"name":"wp","href":"https:\/\/api.w.org\/{rel}","templated":true}]}}