{"id":854,"date":"2026-02-27T19:26:32","date_gmt":"2026-02-27T18:26:32","guid":{"rendered":"https:\/\/www.bufetecontestigarau.com\/home\/"},"modified":"2026-04-08T20:00:14","modified_gmt":"2026-04-08T18:00:14","slug":"home","status":"publish","type":"page","link":"https:\/\/www.bufetecontestigarau.com\/de\/","title":{"rendered":"Home"},"content":{"rendered":"\t\t<div data-elementor-type=\"wp-page\" data-elementor-id=\"854\" class=\"elementor elementor-854 elementor-63\" data-elementor-post-type=\"page\">\n\t\t\t\t<div class=\"elementor-element elementor-element-509fe8a9 e-con-full cg-hero-section e-flex e-con e-parent\" data-id=\"509fe8a9\" data-element_type=\"container\" data-e-type=\"container\" data-settings=\"{&quot;background_background&quot;:&quot;slideshow&quot;,&quot;background_slideshow_transition_duration&quot;:800,&quot;background_slideshow_ken_burns&quot;:&quot;yes&quot;,&quot;background_slideshow_gallery&quot;:[{&quot;id&quot;:985,&quot;url&quot;:&quot;https:\\\/\\\/www.bufetecontestigarau.com\\\/wp-content\\\/uploads\\\/2026\\\/03\\\/bufete-contesti-garau-14-scaled.webp&quot;},{&quot;id&quot;:975,&quot;url&quot;:&quot;https:\\\/\\\/www.bufetecontestigarau.com\\\/wp-content\\\/uploads\\\/2026\\\/03\\\/bufete-contesti-garau-32-scaled.webp&quot;},{&quot;id&quot;:986,&quot;url&quot;:&quot;https:\\\/\\\/www.bufetecontestigarau.com\\\/wp-content\\\/uploads\\\/2026\\\/03\\\/bufete-contesti-garau-22-scaled.webp&quot;},{&quot;id&quot;:987,&quot;url&quot;:&quot;https:\\\/\\\/www.bufetecontestigarau.com\\\/wp-content\\\/uploads\\\/2026\\\/03\\\/bufete-contesti-garau-23-scaled.webp&quot;}],&quot;background_slideshow_loop&quot;:&quot;yes&quot;,&quot;background_slideshow_slide_duration&quot;:5000,&quot;background_slideshow_slide_transition&quot;:&quot;fade&quot;,&quot;background_slideshow_ken_burns_zoom_direction&quot;:&quot;in&quot;}\">\n\t\t\t\t<div class=\"elementor-element elementor-element-77326f1 elementor-widget__width-initial elementor-widget elementor-widget-image\" data-id=\"77326f1\" data-element_type=\"widget\" data-e-type=\"widget\" data-widget_type=\"image.default\">\n\t\t\t\t\t\t\t\t\t\t\t\t\t\t\t<img fetchpriority=\"high\" decoding=\"async\" width=\"661\" height=\"377\" src=\"https:\/\/www.bufetecontestigarau.com\/wp-content\/uploads\/2026\/03\/CG-logo-abogados.png\" class=\"attachment-large size-large wp-image-857\" alt=\"\" srcset=\"https:\/\/www.bufetecontestigarau.com\/wp-content\/uploads\/2026\/03\/CG-logo-abogados.png 661w, https:\/\/www.bufetecontestigarau.com\/wp-content\/uploads\/2026\/03\/CG-logo-abogados-300x171.png 300w\" sizes=\"(max-width: 661px) 100vw, 661px\" \/>\t\t\t\t\t\t\t\t\t\t\t\t\t\t\t<\/div>\n\t\t\t\t<\/div>\n\t\t<div class=\"elementor-element elementor-element-1df43742 e-flex e-con-boxed e-con e-parent\" data-id=\"1df43742\" data-element_type=\"container\" data-e-type=\"container\" data-settings=\"{&quot;background_background&quot;:&quot;classic&quot;}\">\n\t\t\t\t\t<div class=\"e-con-inner\">\n\t\t\t\t<div class=\"elementor-element elementor-element-2604c34 elementor-widget elementor-widget-image\" data-id=\"2604c34\" data-element_type=\"widget\" data-e-type=\"widget\" data-widget_type=\"image.default\">\n\t\t\t\t\t\t\t\t\t\t\t\t\t\t\t<img decoding=\"async\" width=\"800\" height=\"61\" src=\"https:\/\/www.bufetecontestigarau.com\/wp-content\/uploads\/2026\/02\/contestigarau.svg\" class=\"attachment-large size-large wp-image-736\" alt=\"\" \/>\t\t\t\t\t\t\t\t\t\t\t\t\t\t\t<\/div>\n\t\t\t\t<div class=\"elementor-element elementor-element-46c31ce2 elementor-widget elementor-widget-heading\" data-id=\"46c31ce2\" data-element_type=\"widget\" data-e-type=\"widget\" data-widget_type=\"heading.default\">\n\t\t\t\t\t<h3 class=\"elementor-heading-title elementor-size-default\">Rechtsanw\u00e4lte in Palma de Mallorca.<\/h3>\t\t\t\t<\/div>\n\t\t\t\t<div class=\"elementor-element elementor-element-89f97f3 elementor-widget elementor-widget-text-editor\" data-id=\"89f97f3\" data-element_type=\"widget\" data-e-type=\"widget\" data-widget_type=\"text-editor.default\">\n\t\t\t\t\t\t\t\t\tWir begleiten Privatpersonen und Unternehmen und erzielen klare und wirksame rechtliche L\u00f6sungen.\t\t\t\t\t\t\t\t<\/div>\n\t\t\t\t<div class=\"elementor-element elementor-element-a1cdbe1 elementor-widget elementor-widget-image\" data-id=\"a1cdbe1\" data-element_type=\"widget\" data-e-type=\"widget\" data-widget_type=\"image.default\">\n\t\t\t\t\t\t\t\t\t\t\t\t\t\t\t<img decoding=\"async\" width=\"150\" height=\"28\" src=\"https:\/\/www.bufetecontestigarau.com\/wp-content\/uploads\/2026\/03\/Recurso-4.png\" class=\"attachment-large size-large wp-image-863\" alt=\"\" \/>\t\t\t\t\t\t\t\t\t\t\t\t\t\t\t<\/div>\n\t\t\t\t<div class=\"elementor-element elementor-element-916bedc elementor-absolute elementor-widget elementor-widget-image\" data-id=\"916bedc\" data-element_type=\"widget\" data-e-type=\"widget\" data-settings=\"{&quot;_position&quot;:&quot;absolute&quot;}\" data-widget_type=\"image.default\">\n\t\t\t\t\t\t\t\t\t\t\t\t\t\t\t<img loading=\"lazy\" decoding=\"async\" width=\"408\" height=\"612\" src=\"https:\/\/www.bufetecontestigarau.com\/wp-content\/uploads\/2026\/03\/fondo-web-rombos.png\" class=\"attachment-large size-large wp-image-859\" alt=\"\" srcset=\"https:\/\/www.bufetecontestigarau.com\/wp-content\/uploads\/2026\/03\/fondo-web-rombos.png 408w, https:\/\/www.bufetecontestigarau.com\/wp-content\/uploads\/2026\/03\/fondo-web-rombos-200x300.png 200w\" sizes=\"(max-width: 408px) 100vw, 408px\" \/>\t\t\t\t\t\t\t\t\t\t\t\t\t\t\t<\/div>\n\t\t\t\t\t<\/div>\n\t\t\t\t<\/div>\n\t\t<div class=\"elementor-element elementor-element-6b4ddcc3 e-flex e-con-boxed e-con e-parent\" data-id=\"6b4ddcc3\" data-element_type=\"container\" data-e-type=\"container\" data-settings=\"{&quot;background_background&quot;:&quot;classic&quot;}\">\n\t\t\t\t\t<div class=\"e-con-inner\">\n\t\t<div class=\"elementor-element elementor-element-3134f5cc e-con-full e-flex e-con e-child\" data-id=\"3134f5cc\" data-element_type=\"container\" data-e-type=\"container\">\n\t\t\t\t<div class=\"elementor-element elementor-element-2b93abe8 elementor-widget elementor-widget-heading\" data-id=\"2b93abe8\" data-element_type=\"widget\" data-e-type=\"widget\" data-widget_type=\"heading.default\">\n\t\t\t\t\t<h2 class=\"elementor-heading-title elementor-size-default\">Die St\u00e4rke eines Werdegangs, der mit Sorgfalt und Engagement aufgebaut wurde.<\/h2>\t\t\t\t<\/div>\n\t\t\t\t<div class=\"elementor-element elementor-element-412b9f07 elementor-widget elementor-widget-text-editor\" data-id=\"412b9f07\" data-element_type=\"widget\" data-e-type=\"widget\" data-widget_type=\"text-editor.default\">\n\t\t\t\t\t\t\t\t\t<p>Wir verstehen das Recht als professionelle Dienstleistung, die auf Engagement und Vertrauen basiert, und bringen Sorgfalt sowie eine pers\u00f6nliche Betreuung in die Wahrung Ihrer Interessen ein.<\/p>\t\t\t\t\t\t\t\t<\/div>\n\t\t\t\t<\/div>\n\t\t<div class=\"elementor-element elementor-element-2f968683 e-con-full e-flex e-con e-child\" data-id=\"2f968683\" data-element_type=\"container\" data-e-type=\"container\">\n\t\t\t\t<div class=\"elementor-element elementor-element-1c875ca4 elementor-widget elementor-widget-image\" data-id=\"1c875ca4\" data-element_type=\"widget\" data-e-type=\"widget\" data-widget_type=\"image.default\">\n\t\t\t\t\t\t\t\t\t\t\t\t\t\t\t<img loading=\"lazy\" decoding=\"async\" width=\"464\" height=\"453\" src=\"https:\/\/www.bufetecontestigarau.com\/wp-content\/uploads\/2026\/03\/Recurso-2.png\" class=\"attachment-large size-large wp-image-861\" alt=\"\" srcset=\"https:\/\/www.bufetecontestigarau.com\/wp-content\/uploads\/2026\/03\/Recurso-2.png 464w, https:\/\/www.bufetecontestigarau.com\/wp-content\/uploads\/2026\/03\/Recurso-2-300x293.png 300w\" sizes=\"(max-width: 464px) 100vw, 464px\" \/>\t\t\t\t\t\t\t\t\t\t\t\t\t\t\t<\/div>\n\t\t\t\t<div class=\"elementor-element elementor-element-2de3e80 elementor-widget elementor-widget-text-editor\" data-id=\"2de3e80\" data-element_type=\"widget\" data-e-type=\"widget\" data-widget_type=\"text-editor.default\">\n\t\t\t\t\t\t\t\t\t<div style=\"display:flex;justify-content:flex-end;gap:6px;margin-top:16px;\"><span style=\"display:inline-block;width:12px;height:12px;transform:rotate(45deg);background:#D4C9A8;opacity:0.5;\"><\/span><span style=\"display:inline-block;width:14px;height:14px;transform:rotate(45deg);background:#8B7D3C;\"><\/span><span style=\"display:inline-block;width:12px;height:12px;transform:rotate(45deg);background:#D4C9A8;opacity:0.5;\"><\/span><\/div>\t\t\t\t\t\t\t\t<\/div>\n\t\t\t\t<\/div>\n\t\t\t\t\t<\/div>\n\t\t\t\t<\/div>\n\t\t<div class=\"elementor-element elementor-element-a765123 e-flex e-con-boxed e-con e-parent\" data-id=\"a765123\" data-element_type=\"container\" data-e-type=\"container\" data-settings=\"{&quot;background_background&quot;:&quot;classic&quot;}\">\n\t\t\t\t\t<div class=\"e-con-inner\">\n\t\t\t\t<div class=\"elementor-element elementor-element-d4d9758 elementor-invisible elementor-widget elementor-widget-heading\" data-id=\"d4d9758\" data-element_type=\"widget\" data-e-type=\"widget\" data-settings=\"{&quot;_animation&quot;:&quot;fadeInUp&quot;,&quot;_animation_delay&quot;:100}\" data-widget_type=\"heading.default\">\n\t\t\t\t\t<h2 class=\"elementor-heading-title elementor-size-default\">Wie k\u00f6nnen wir Ihnen helfen?<\/h2>\t\t\t\t<\/div>\n\t\t\t\t<div class=\"elementor-element elementor-element-c117e74 elementor-widget elementor-widget-text-editor\" data-id=\"c117e74\" data-element_type=\"widget\" data-e-type=\"widget\" data-widget_type=\"text-editor.default\">\n\t\t\t\t\t\t\t\t\tEin festes Engagement f\u00fcr Ihre Interessen. Kontaktieren Sie uns, um eine gr\u00fcndliche und pers\u00f6nliche Rechtsberatung zu erhalten.\t\t\t\t\t\t\t\t<\/div>\n\t\t\t\t<div class=\"elementor-element elementor-element-a1c82f9 elementor-button-align-stretch elementor-invisible elementor-widget elementor-widget-form\" data-id=\"a1c82f9\" data-element_type=\"widget\" data-e-type=\"widget\" data-settings=\"{&quot;_animation&quot;:&quot;fadeInUp&quot;,&quot;_animation_delay&quot;:200,&quot;step_next_label&quot;:&quot;N\\u00e4chste&quot;,&quot;step_previous_label&quot;:&quot;Vorherige&quot;,&quot;button_width&quot;:&quot;100&quot;,&quot;step_type&quot;:&quot;number_text&quot;,&quot;step_icon_shape&quot;:&quot;circle&quot;}\" data-widget_type=\"form.default\">\n\t\t\t\t\t\t\t<form class=\"elementor-form\" method=\"post\" name=\"Kontaktformular Startseite\" aria-label=\"Kontaktformular Startseite\">\n\t\t\t<input type=\"hidden\" name=\"post_id\" value=\"854\"\/>\n\t\t\t<input type=\"hidden\" name=\"form_id\" value=\"a1c82f9\"\/>\n\t\t\t<input type=\"hidden\" name=\"referer_title\" value=\"Home - Buffete Contesti &amp; Garau\" \/>\n\n\t\t\t\t\t\t\t<input type=\"hidden\" name=\"queried_id\" value=\"854\"\/>\n\t\t\t\n\t\t\t<div class=\"elementor-form-fields-wrapper elementor-labels-above\">\n\t\t\t\t\t\t\t\t<div class=\"elementor-field-type-text elementor-field-group elementor-column elementor-field-group-nombre elementor-col-50 elementor-field-required\">\n\t\t\t\t\t\t\t\t\t\t\t\t\t<input size=\"1\" type=\"text\" name=\"form_fields[nombre]\" id=\"form-field-nombre\" class=\"elementor-field elementor-size-sm  elementor-field-textual\" placeholder=\"Name\" required=\"required\">\n\t\t\t\t\t\t\t\t\t\t\t<\/div>\n\t\t\t\t\t\t\t\t<div class=\"elementor-field-type-email elementor-field-group elementor-column elementor-field-group-email elementor-col-50 elementor-field-required\">\n\t\t\t\t\t\t\t\t\t\t\t\t\t<input size=\"1\" type=\"email\" name=\"form_fields[email]\" id=\"form-field-email\" class=\"elementor-field elementor-size-sm  elementor-field-textual\" placeholder=\"E-Mail\" required=\"required\">\n\t\t\t\t\t\t\t\t\t\t\t<\/div>\n\t\t\t\t\t\t\t\t<div class=\"elementor-field-type-text elementor-field-group elementor-column elementor-field-group-asunto elementor-col-100 elementor-field-required\">\n\t\t\t\t\t\t\t\t\t\t\t\t\t<input size=\"1\" type=\"text\" name=\"form_fields[asunto]\" id=\"form-field-asunto\" class=\"elementor-field elementor-size-sm  elementor-field-textual\" placeholder=\"Betreff\" required=\"required\">\n\t\t\t\t\t\t\t\t\t\t\t<\/div>\n\t\t\t\t\t\t\t\t<div class=\"elementor-field-type-textarea elementor-field-group elementor-column elementor-field-group-mensaje elementor-col-100 elementor-field-required\">\n\t\t\t\t\t<textarea class=\"elementor-field-textual elementor-field  elementor-size-sm\" name=\"form_fields[mensaje]\" id=\"form-field-mensaje\" rows=\"5\" placeholder=\"Nachricht\" required=\"required\"><\/textarea>\t\t\t\t<\/div>\n\t\t\t\t\t\t\t\t<div class=\"elementor-field-type-acceptance elementor-field-group elementor-column elementor-field-group-aceptacion elementor-col-100 elementor-field-required\">\n\t\t\t\t\t\t\t<div class=\"elementor-field-subgroup\">\n\t\t\t<span class=\"elementor-field-option\">\n\t\t\t\t<input type=\"checkbox\" name=\"form_fields[aceptacion]\" id=\"form-field-aceptacion\" class=\"elementor-field elementor-size-sm  elementor-acceptance-field\" required=\"required\">\n\t\t\t\t<label for=\"form-field-aceptacion\">Ich habe die <a style=\"color:#8B7D3C;\" href=\"\/politica-de-privacidad\/\">Datenschutzerkl\u00e4rung<\/a> gelesen und akzeptiere sie.<\/label>\t\t\t<\/span>\n\t\t<\/div>\n\t\t\t\t\t\t<\/div>\n\t\t\t\t\t\t\t\t<div class=\"elementor-field-group elementor-column elementor-field-type-submit elementor-col-100 e-form__buttons\">\n\t\t\t\t\t<button class=\"elementor-button elementor-size-md\" type=\"submit\">\n\t\t\t\t\t\t<span class=\"elementor-button-content-wrapper\">\n\t\t\t\t\t\t\t\t\t\t\t\t\t\t\t\t\t\t\t\t\t\t<span class=\"elementor-button-text\">SENDEN<\/span>\n\t\t\t\t\t\t\t\t\t\t\t\t\t<\/span>\n\t\t\t\t\t<\/button>\n\t\t\t\t<\/div>\n\t\t\t<\/div>\n\t\t<\/form>\n\t\t\t\t\t\t<\/div>\n\t\t\t\t\t<\/div>\n\t\t\t\t<\/div>\n\t\t\t\t<\/div>\n\t\t","protected":false},"excerpt":{"rendered":"<p>Rechtsanw\u00e4lte in Palma de Mallorca. Wir begleiten Privatpersonen und Unternehmen und erzielen klare und wirksame rechtliche L\u00f6sungen. Die St\u00e4rke eines Werdegangs, der mit Sorgfalt und Engagement aufgebaut wurde. Wir verstehen das Recht als professionelle Dienstleistung, die auf Engagement und Vertrauen basiert, und bringen Sorgfalt sowie eine pers\u00f6nliche Betreuung in die Wahrung Ihrer Interessen ein. Wie [&hellip;]<\/p>\n","protected":false},"author":1,"featured_media":0,"parent":0,"menu_order":0,"comment_status":"closed","ping_status":"closed","template":"elementor_header_footer","meta":{"_acf_changed":false,"footnotes":""},"class_list":["post-854","page","type-page","status-publish","hentry"],"acf":[],"_links":{"self":[{"href":"https:\/\/www.bufetecontestigarau.com\/de\/wp-json\/wp\/v2\/pages\/854","targetHints":{"allow":["GET"]}}],"collection":[{"href":"https:\/\/www.bufetecontestigarau.com\/de\/wp-json\/wp\/v2\/pages"}],"about":[{"href":"https:\/\/www.bufetecontestigarau.com\/de\/wp-json\/wp\/v2\/types\/page"}],"author":[{"embeddable":true,"href":"https:\/\/www.bufetecontestigarau.com\/de\/wp-json\/wp\/v2\/users\/1"}],"replies":[{"embeddable":true,"href":"https:\/\/www.bufetecontestigarau.com\/de\/wp-json\/wp\/v2\/comments?post=854"}],"version-history":[{"count":2,"href":"https:\/\/www.bufetecontestigarau.com\/de\/wp-json\/wp\/v2\/pages\/854\/revisions"}],"predecessor-version":[{"id":988,"href":"https:\/\/www.bufetecontestigarau.com\/de\/wp-json\/wp\/v2\/pages\/854\/revisions\/988"}],"wp:attachment":[{"href":"https:\/\/www.bufetecontestigarau.com\/de\/wp-json\/wp\/v2\/media?parent=854"}],"curies":[{"name":"wp","href":"https:\/\/api.w.org\/{rel}","templated":true}]}}