{"id":865,"date":"2026-03-09T19:33:05","date_gmt":"2026-03-09T18:33:05","guid":{"rendered":"https:\/\/www.bufetecontestigarau.com\/leistungen\/"},"modified":"2026-04-08T17:35:22","modified_gmt":"2026-04-08T15:35:22","slug":"leistungen","status":"publish","type":"page","link":"https:\/\/www.bufetecontestigarau.com\/de\/leistungen\/","title":{"rendered":"Leistungen"},"content":{"rendered":"\t\t<div data-elementor-type=\"wp-page\" data-elementor-id=\"865\" class=\"elementor elementor-865 elementor-195\" data-elementor-post-type=\"page\">\n\t\t\t\t<div class=\"elementor-element elementor-element-957ee7c e-con-full cg-hero-section e-flex e-con e-parent\" data-id=\"957ee7c\" data-element_type=\"container\" data-e-type=\"container\" data-settings=\"{&quot;background_background&quot;:&quot;slideshow&quot;,&quot;background_slideshow_transition_duration&quot;:800,&quot;background_slideshow_ken_burns&quot;:&quot;yes&quot;,&quot;background_slideshow_gallery&quot;:[{&quot;id&quot;:156,&quot;url&quot;:&quot;https:\\\/\\\/www.bufetecontestigarau.com\\\/wp-content\\\/uploads\\\/2026\\\/03\\\/bufete-contesti-garau-22-scaled.webp&quot;}],&quot;background_slideshow_loop&quot;:&quot;yes&quot;,&quot;background_slideshow_slide_duration&quot;:5000,&quot;background_slideshow_slide_transition&quot;:&quot;fade&quot;,&quot;background_slideshow_ken_burns_zoom_direction&quot;:&quot;in&quot;}\">\n\t\t\t\t<div class=\"elementor-element elementor-element-6865f78 elementor-widget__width-initial elementor-widget elementor-widget-image\" data-id=\"6865f78\" data-element_type=\"widget\" data-e-type=\"widget\" data-widget_type=\"image.default\">\n\t\t\t\t\t\t\t\t\t\t\t\t\t\t\t<img fetchpriority=\"high\" decoding=\"async\" width=\"661\" height=\"377\" src=\"https:\/\/www.bufetecontestigarau.com\/wp-content\/uploads\/2026\/03\/CG-logo-abogados.png\" class=\"attachment-large size-large wp-image-857\" alt=\"\" srcset=\"https:\/\/www.bufetecontestigarau.com\/wp-content\/uploads\/2026\/03\/CG-logo-abogados.png 661w, https:\/\/www.bufetecontestigarau.com\/wp-content\/uploads\/2026\/03\/CG-logo-abogados-300x171.png 300w\" sizes=\"(max-width: 661px) 100vw, 661px\" \/>\t\t\t\t\t\t\t\t\t\t\t\t\t\t\t<\/div>\n\t\t\t\t<\/div>\n\t\t<div class=\"elementor-element elementor-element-215e4cb e-flex e-con-boxed e-con e-parent\" data-id=\"215e4cb\" data-element_type=\"container\" data-e-type=\"container\">\n\t\t\t\t\t<div class=\"e-con-inner\">\n\t\t<div class=\"elementor-element elementor-element-ec51e8d e-flex e-con-boxed e-con e-child\" data-id=\"ec51e8d\" data-element_type=\"container\" data-e-type=\"container\">\n\t\t\t\t\t<div class=\"e-con-inner\">\n\t\t<div class=\"elementor-element elementor-element-86d3d49 e-con-full e-flex e-con e-child\" data-id=\"86d3d49\" data-element_type=\"container\" data-e-type=\"container\">\n\t\t\t\t<div class=\"elementor-element elementor-element-0598fce elementor-widget elementor-widget-heading\" data-id=\"0598fce\" data-element_type=\"widget\" data-e-type=\"widget\" data-widget_type=\"heading.default\">\n\t\t\t\t\t<h1 class=\"elementor-heading-title elementor-size-default\">Leistungen<\/h1>\t\t\t\t<\/div>\n\t\t\t\t<\/div>\n\t\t<div class=\"elementor-element elementor-element-2cf3475 e-con-full e-flex e-con e-child\" data-id=\"2cf3475\" data-element_type=\"container\" data-e-type=\"container\">\n\t\t\t\t<div class=\"elementor-element elementor-element-45391cb elementor-widget elementor-widget-image\" data-id=\"45391cb\" data-element_type=\"widget\" data-e-type=\"widget\" data-widget_type=\"image.default\">\n\t\t\t\t\t\t\t\t\t\t\t\t\t\t\t<img decoding=\"async\" width=\"90\" height=\"59\" src=\"https:\/\/www.bufetecontestigarau.com\/wp-content\/uploads\/2026\/03\/Recurso-3.png\" class=\"attachment-large size-large wp-image-862\" alt=\"\" \/>\t\t\t\t\t\t\t\t\t\t\t\t\t\t\t<\/div>\n\t\t\t\t<\/div>\n\t\t\t\t\t<\/div>\n\t\t\t\t<\/div>\n\t\t\t\t\t<\/div>\n\t\t\t\t<\/div>\n\t\t<div class=\"elementor-element elementor-element-2825c0cb e-flex e-con-boxed e-con e-parent\" data-id=\"2825c0cb\" data-element_type=\"container\" data-e-type=\"container\">\n\t\t\t\t\t<div class=\"e-con-inner\">\n\t\t\t\t<div class=\"elementor-element elementor-element-53f1df3 elementor-widget elementor-widget-heading\" data-id=\"53f1df3\" data-element_type=\"widget\" data-e-type=\"widget\" data-widget_type=\"heading.default\">\n\t\t\t\t\t<p class=\"elementor-heading-title elementor-size-default\">Zivilrecht<\/p>\t\t\t\t<\/div>\n\t\t\t\t<div class=\"elementor-element elementor-element-5d0252 elementor-widget elementor-widget-text-editor\" data-id=\"5d0252\" data-element_type=\"widget\" data-e-type=\"widget\" data-widget_type=\"text-editor.default\">\n\t\t\t\t\t\t\t\t\t<div class=\"derecho-civil-list\"><ul style=\"list-style: none; padding: 0; margin: 0;\"><li style=\"display: flex; align-items: flex-start; margin-bottom: 8px;\"><span style=\"color: #8b7d3c; margin-right: 10px; font-size: 18px; line-height: 1.4;\">\u25c6<\/span>Schadensersatzklagen aus vertraglicher und au\u00dfervertraglicher Haftung.<\/li><li style=\"display: flex; align-items: flex-start; margin-bottom: 8px;\"><span style=\"color: #8b7d3c; margin-right: 10px; font-size: 18px; line-height: 1.4;\">\u25c6<\/span>Geldforderungen und R\u00e4umungsklagen.<\/li><li style=\"display: flex; align-items: flex-start; margin-bottom: 8px;\"><span style=\"color: #8b7d3c; margin-right: 10px; font-size: 18px; line-height: 1.4;\">\u25c6<\/span>Forderungseinzug und Inkassomanagement.<\/li><li style=\"display: flex; align-items: flex-start; margin-bottom: 8px;\"><span style=\"color: #8b7d3c; margin-right: 10px; font-size: 18px; line-height: 1.4;\">\u25c6<\/span>G\u00fcltigkeit, Auslegung, Durchf\u00fchrung, Aufl\u00f6sung und R\u00fccktritt von Vertr\u00e4gen.<\/li><li style=\"display: flex; align-items: flex-start; margin-bottom: 8px;\"><span style=\"color: #8b7d3c; margin-right: 10px; font-size: 18px; line-height: 1.4;\">\u25c6<\/span>Immobilienrecht, Projektentwicklung und Bauwesen.<\/li><li style=\"display: flex; align-items: flex-start; margin-bottom: 8px;\"><span style=\"color: #8b7d3c; margin-right: 10px; font-size: 18px; line-height: 1.4;\">\u25c6<\/span>Anspr\u00fcche wegen Baum\u00e4ngeln.<\/li><li style=\"display: flex; align-items: flex-start; margin-bottom: 8px;\"><span style=\"color: #8b7d3c; margin-right: 10px; font-size: 18px; line-height: 1.4;\">\u25c6<\/span>Zivil- und Handelsvertr\u00e4ge: Kauf, Miete\/Pacht, \u00dcbertragung, Handelsvertr\u00e4ge, Agentur, Vertrieb, Franchise.<\/li><li style=\"display: flex; align-items: flex-start; margin-bottom: 8px;\"><span style=\"color: #8b7d3c; margin-right: 10px; font-size: 18px; line-height: 1.4;\">\u25c6<\/span>Wohnungseigentumsrecht.<\/li><li style=\"display: flex; align-items: flex-start; margin-bottom: 8px;\"><span style=\"color: #8b7d3c; margin-right: 10px; font-size: 18px; line-height: 1.4;\">\u25c6<\/span>Sachen- und Sicherungsrechte. Darlehensvertr\u00e4ge mit Hypothekensicherheit. <\/li><li style=\"display: flex; align-items: flex-start; margin-bottom: 8px;\"><span style=\"color: #8b7d3c; margin-right: 10px; font-size: 18px; line-height: 1.4;\">\u25c6<\/span>Bankrecht (Mindestzins-\/\u201ecl\u00e1usula suelo\u201c-Klauseln, Vorzugsaktien, SWAP, missbr\u00e4uchliche Klauseln usw.)<\/li><li style=\"display: flex; align-items: flex-start; margin-bottom: 8px;\"><span style=\"color: #8b7d3c; margin-right: 10px; font-size: 18px; line-height: 1.4;\">\u25c6<\/span>Verbraucherschutz.<\/li><li style=\"display: flex; align-items: flex-start; margin-bottom: 8px;\"><span style=\"color: #8b7d3c; margin-right: 10px; font-size: 18px; line-height: 1.4;\">\u25c6<\/span>Anspr\u00fcche im Bereich des geistigen und gewerblichen Eigentums.<\/li><li style=\"display: flex; align-items: flex-start; margin-bottom: 8px;\"><span style=\"color: #8b7d3c; margin-right: 10px; font-size: 18px; line-height: 1.4;\">\u25c6<\/span>Schutz von Ehre, Privatsph\u00e4re und Bildrechten.<\/li><li style=\"display: flex; align-items: flex-start; margin-bottom: 8px;\"><span style=\"color: #8b7d3c; margin-right: 10px; font-size: 18px; line-height: 1.4;\">\u25c6<\/span>Familienrecht (Scheidungen, Trennungen, Gesch\u00e4ftsunf\u00e4higkeit, Unterhalt).<\/li><li style=\"display: flex; align-items: flex-start; margin-bottom: 8px;\"><span style=\"color: #8b7d3c; margin-right: 10px; font-size: 18px; line-height: 1.4;\">\u25c6<\/span>Testamente, Annahme und Ausschlagung von Erbschaften. Nachlassangelegenheiten. <\/li><\/ul><\/div>\t\t\t\t\t\t\t\t<\/div>\n\t\t\t\t<div class=\"elementor-element elementor-element-436fae4 elementor-widget elementor-widget-heading\" data-id=\"436fae4\" data-element_type=\"widget\" data-e-type=\"widget\" data-widget_type=\"heading.default\">\n\t\t\t\t\t<p class=\"elementor-heading-title elementor-size-default\">Handelsrecht<\/p>\t\t\t\t<\/div>\n\t\t\t\t<div class=\"elementor-element elementor-element-363ad4d9 elementor-widget elementor-widget-text-editor\" data-id=\"363ad4d9\" data-element_type=\"widget\" data-e-type=\"widget\" data-widget_type=\"text-editor.default\">\n\t\t\t\t\t\t\t\t\t<ul style=\"list-style: none; padding: 0; margin: 0;\">\n  <li style=\"display: flex; align-items: flex-start; margin-bottom: 8px;\"><span style=\"color: #8B7D3C; margin-right: 10px; font-size: 18px; line-height: 1.4;\">\u25c6<\/span><span>Gr\u00fcndung von Gesellschaften.<\/span><\/li>\n  <li style=\"display: flex; align-items: flex-start; margin-bottom: 8px;\"><span style=\"color: #8B7D3C; margin-right: 10px; font-size: 18px; line-height: 1.4;\">\u25c6<\/span><span>Satzungs\u00e4nderungen.<\/span><\/li>\n  <li style=\"display: flex; align-items: flex-start; margin-bottom: 8px;\"><span style=\"color: #8B7D3C; margin-right: 10px; font-size: 18px; line-height: 1.4;\">\u25c6<\/span><span>Kapitalerh\u00f6hungen und -herabsetzungen.<\/span><\/li>\n  <li style=\"display: flex; align-items: flex-start; margin-bottom: 8px;\"><span style=\"color: #8B7D3C; margin-right: 10px; font-size: 18px; line-height: 1.4;\">\u25c6<\/span><span>Liquidation von Gesellschaften.<\/span><\/li>\n  <li style=\"display: flex; align-items: flex-start; margin-bottom: 8px;\"><span style=\"color: #8B7D3C; margin-right: 10px; font-size: 18px; line-height: 1.4;\">\u25c6<\/span><span>Beratung von Leitungsorganen.<\/span><\/li>\n  <li style=\"display: flex; align-items: flex-start; margin-bottom: 8px;\"><span style=\"color: #8B7D3C; margin-right: 10px; font-size: 18px; line-height: 1.4;\">\u25c6<\/span><span>Anfechtung von Gesellschafterbeschl\u00fcssen.<\/span><\/li>\n  <li style=\"display: flex; align-items: flex-start; margin-bottom: 8px;\"><span style=\"color: #8B7D3C; margin-right: 10px; font-size: 18px; line-height: 1.4;\">\u25c6<\/span><span>Haftung von Gesch\u00e4ftsf\u00fchrern und Verwaltungsratsmitgliedern.<\/span><\/li>\n  <li style=\"display: flex; align-items: flex-start; margin-bottom: 8px;\"><span style=\"color: #8B7D3C; margin-right: 10px; font-size: 18px; line-height: 1.4;\">\u25c6<\/span><span>Kauf und Verkauf von Beteiligungen\/Aktien.<\/span><\/li>\n  <li style=\"display: flex; align-items: flex-start; margin-bottom: 8px;\"><span style=\"color: #8B7D3C; margin-right: 10px; font-size: 18px; line-height: 1.4;\">\u25c6<\/span><span>Vereinbarungen zwischen Gesellschaftern.<\/span><\/li>\n  <li style=\"display: flex; align-items: flex-start; margin-bottom: 8px;\"><span style=\"color: #8B7D3C; margin-right: 10px; font-size: 18px; line-height: 1.4;\">\u25c6<\/span><span>Insolvenzrecht. Vor- und nachinsolvenzliche Situationen. Verhandlung von Insolvenzpl\u00e4nen.<\/span><\/li>\n  <li style=\"display: flex; align-items: flex-start; margin-bottom: 8px;\"><span style=\"color: #8B7D3C; margin-right: 10px; font-size: 18px; line-height: 1.4;\">\u25c6<\/span><span>Unternehmensrestrukturierungen.<\/span><\/li>\n  <li style=\"display: flex; align-items: flex-start; margin-bottom: 8px;\"><span style=\"color: #8B7D3C; margin-right: 10px; font-size: 18px; line-height: 1.4;\">\u25c6<\/span><span>Fusionen, \u00dcbernahmen und Unternehmensspaltungen.<\/span><\/li>\n  <li style=\"display: flex; align-items: flex-start; margin-bottom: 8px;\"><span style=\"color: #8B7D3C; margin-right: 10px; font-size: 18px; line-height: 1.4;\">\u25c6<\/span><span>Versicherungsrecht.<\/span><\/li>\n  <li style=\"display: flex; align-items: flex-start; margin-bottom: 8px;\"><span style=\"color: #8B7D3C; margin-right: 10px; font-size: 18px; line-height: 1.4;\">\u25c6<\/span><span>Patente und Marken.<\/span><\/li>\n  <li style=\"display: flex; align-items: flex-start; margin-bottom: 8px;\"><span style=\"color: #8B7D3C; margin-right: 10px; font-size: 18px; line-height: 1.4;\">\u25c6<\/span><span>Urheberrecht.<\/span><\/li>\n  <li style=\"display: flex; align-items: flex-start; margin-bottom: 8px;\"><span style=\"color: #8B7D3C; margin-right: 10px; font-size: 18px; line-height: 1.4;\">\u25c6<\/span><span>Kartellrecht und unlauterer Wettbewerb.<\/span><\/li>\n<\/ul>\t\t\t\t\t\t\t\t<\/div>\n\t\t\t\t<div class=\"elementor-element elementor-element-1ed6d71 elementor-widget elementor-widget-heading\" data-id=\"1ed6d71\" data-element_type=\"widget\" data-e-type=\"widget\" data-widget_type=\"heading.default\">\n\t\t\t\t\t<p class=\"elementor-heading-title elementor-size-default\">Verwaltungsrecht<\/p>\t\t\t\t<\/div>\n\t\t\t\t<div class=\"elementor-element elementor-element-5077a1ad elementor-widget elementor-widget-text-editor\" data-id=\"5077a1ad\" data-element_type=\"widget\" data-e-type=\"widget\" data-widget_type=\"text-editor.default\">\n\t\t\t\t\t\t\t\t\t<ul style=\"list-style: none; padding: 0; margin: 0;\">\n  <li style=\"display: flex; align-items: flex-start; margin-bottom: 8px;\"><span style=\"color: #8B7D3C; margin-right: 10px; font-size: 18px; line-height: 1.4;\">\u25c6<\/span><span>Klagen vor der Verwaltungsgerichtsbarkeit gegen \u00f6ffentliche Stellen oder Verwaltungen.<\/span><\/li>\n  <li style=\"display: flex; align-items: flex-start; margin-bottom: 8px;\"><span style=\"color: #8B7D3C; margin-right: 10px; font-size: 18px; line-height: 1.4;\">\u25c6<\/span><span>Rechtsbehelfe im Verwaltungsverfahren.<\/span><\/li>\n  <li style=\"display: flex; align-items: flex-start; margin-bottom: 8px;\"><span style=\"color: #8B7D3C; margin-right: 10px; font-size: 18px; line-height: 1.4;\">\u25c6<\/span><span>Sanktionsrecht. Verwaltungsverst\u00f6\u00dfe.<\/span><\/li>\n  <li style=\"display: flex; align-items: flex-start; margin-bottom: 8px;\"><span style=\"color: #8B7D3C; margin-right: 10px; font-size: 18px; line-height: 1.4;\">\u25c6<\/span><span>St\u00e4dtebaurecht.<\/span><\/li>\n  <li style=\"display: flex; align-items: flex-start; margin-bottom: 8px;\"><span style=\"color: #8B7D3C; margin-right: 10px; font-size: 18px; line-height: 1.4;\">\u25c6<\/span><span>St\u00e4dtebauliche Planung und Entwicklung.<\/span><\/li>\n  <li style=\"display: flex; align-items: flex-start; margin-bottom: 8px;\"><span style=\"color: #8B7D3C; margin-right: 10px; font-size: 18px; line-height: 1.4;\">\u25c6<\/span><span>Zwangsenteignungen.<\/span><\/li>\n  <li style=\"display: flex; align-items: flex-start; margin-bottom: 8px;\"><span style=\"color: #8B7D3C; margin-right: 10px; font-size: 18px; line-height: 1.4;\">\u25c6<\/span><span>Staatshaftung der \u00f6ffentlichen Verwaltungen.<\/span><\/li>\n  <li style=\"display: flex; align-items: flex-start; margin-bottom: 8px;\"><span style=\"color: #8B7D3C; margin-right: 10px; font-size: 18px; line-height: 1.4;\">\u25c6<\/span><span>Bau und Vergabe \u00f6ffentlicher Bauauftr\u00e4ge.<\/span><\/li>\n  <li style=\"display: flex; align-items: flex-start; margin-bottom: 8px;\"><span style=\"color: #8B7D3C; margin-right: 10px; font-size: 18px; line-height: 1.4;\">\u25c6<\/span><span>Sonderverm\u00f6gen\/-g\u00fcter (K\u00fcsten, Gew\u00e4sser, historisches Erbe, Bergbau, \u2026)<\/span><\/li>\n  <li style=\"display: flex; align-items: flex-start; margin-bottom: 8px;\"><span style=\"color: #8B7D3C; margin-right: 10px; font-size: 18px; line-height: 1.4;\">\u25c6<\/span><span>Tourismussektor.<\/span><\/li>\n<\/ul>\t\t\t\t\t\t\t\t<\/div>\n\t\t\t\t<div class=\"elementor-element elementor-element-97c6392 elementor-widget elementor-widget-heading\" data-id=\"97c6392\" data-element_type=\"widget\" data-e-type=\"widget\" data-widget_type=\"heading.default\">\n\t\t\t\t\t<p class=\"elementor-heading-title elementor-size-default\">Strafrecht<\/p>\t\t\t\t<\/div>\n\t\t\t\t<div class=\"elementor-element elementor-element-291ec127 elementor-widget elementor-widget-text-editor\" data-id=\"291ec127\" data-element_type=\"widget\" data-e-type=\"widget\" data-widget_type=\"text-editor.default\">\n\t\t\t\t\t\t\t\t\t<ul style=\"list-style: none; padding: 0; margin: 0;\">\n  <li style=\"display: flex; align-items: flex-start; margin-bottom: 8px;\"><span style=\"color: #8B7D3C; margin-right: 10px; font-size: 18px; line-height: 1.4;\">\u25c6<\/span><span>Gesellschafts- und Wirtschaftsstraftaten.<\/span><\/li>\n  <li style=\"display: flex; align-items: flex-start; margin-bottom: 8px;\"><span style=\"color: #8B7D3C; margin-right: 10px; font-size: 18px; line-height: 1.4;\">\u25c6<\/span><span>Verm\u00f6gensdelikte (Betrug, Unterschlagung usw.).<\/span><\/li>\n  <li style=\"display: flex; align-items: flex-start; margin-bottom: 8px;\"><span style=\"color: #8B7D3C; margin-right: 10px; font-size: 18px; line-height: 1.4;\">\u25c6<\/span><span>Gesellschaftsstraftaten und strafbare Insolvenzen.<\/span><\/li>\n  <li style=\"display: flex; align-items: flex-start; margin-bottom: 8px;\"><span style=\"color: #8B7D3C; margin-right: 10px; font-size: 18px; line-height: 1.4;\">\u25c6<\/span><span>Straftaten gegen die Staatskasse und die Sozialversicherung.<\/span><\/li>\n  <li style=\"display: flex; align-items: flex-start; margin-bottom: 8px;\"><span style=\"color: #8B7D3C; margin-right: 10px; font-size: 18px; line-height: 1.4;\">\u25c6<\/span><span>Straftaten gegen die Raumordnung.<\/span><\/li>\n  <li style=\"display: flex; align-items: flex-start; margin-bottom: 8px;\"><span style=\"color: #8B7D3C; margin-right: 10px; font-size: 18px; line-height: 1.4;\">\u25c6<\/span><span>Zivilrechtliche Haftung aus Straftaten.<\/span><\/li>\n  <li style=\"display: flex; align-items: flex-start; margin-bottom: 8px;\"><span style=\"color: #8B7D3C; margin-right: 10px; font-size: 18px; line-height: 1.4;\">\u25c6<\/span><span>Straftaten im Bereich geschlechtsspezifischer Gewalt und Verst\u00f6\u00dfe gegen gerichtliche Anordnungen.<\/span><\/li>\n  <li style=\"display: flex; align-items: flex-start; margin-bottom: 8px;\"><span style=\"color: #8B7D3C; margin-right: 10px; font-size: 18px; line-height: 1.4;\">\u25c6<\/span><span>Straftaten wegen Nichtzahlung von Unterhaltsleistungen.<\/span><\/li>\n  <li style=\"display: flex; align-items: flex-start; margin-bottom: 8px;\"><span style=\"color: #8B7D3C; margin-right: 10px; font-size: 18px; line-height: 1.4;\">\u25c6<\/span><span>Straftaten gegen die Verkehrssicherheit.<\/span><\/li>\n<\/ul>\t\t\t\t\t\t\t\t<\/div>\n\t\t\t\t<div class=\"elementor-element elementor-element-bf7e042 elementor-widget elementor-widget-heading\" data-id=\"bf7e042\" data-element_type=\"widget\" data-e-type=\"widget\" data-widget_type=\"heading.default\">\n\t\t\t\t\t<p class=\"elementor-heading-title elementor-size-default\">Prozessrecht und Schiedsverfahren<\/p>\t\t\t\t<\/div>\n\t\t\t\t<div class=\"elementor-element elementor-element-505548ea elementor-widget elementor-widget-text-editor\" data-id=\"505548ea\" data-element_type=\"widget\" data-e-type=\"widget\" data-widget_type=\"text-editor.default\">\n\t\t\t\t\t\t\t\t\t<ul style=\"list-style: none; padding: 0; margin: 0;\">\n  <li style=\"display: flex; align-items: flex-start; margin-bottom: 8px;\"><span style=\"color: #8B7D3C; margin-right: 10px; font-size: 18px; line-height: 1.4;\">\u25c6<\/span><span>Vertretung und Verteidigung vor allen Gerichtsbarkeiten und Instanzen.<\/span><\/li>\n  <li style=\"display: flex; align-items: flex-start; margin-bottom: 8px;\"><span style=\"color: #8B7D3C; margin-right: 10px; font-size: 18px; line-height: 1.4;\">\u25c6<\/span><span>Verfahren vor dem Verfassungsgericht und dem Obersten Gerichtshof.<\/span><\/li>\n  <li style=\"display: flex; align-items: flex-start; margin-bottom: 8px;\"><span style=\"color: #8B7D3C; margin-right: 10px; font-size: 18px; line-height: 1.4;\">\u25c6<\/span><span>Einstweilige Ma\u00dfnahmen.<\/span><\/li>\n  <li style=\"display: flex; align-items: flex-start; margin-bottom: 8px;\"><span style=\"color: #8B7D3C; margin-right: 10px; font-size: 18px; line-height: 1.4;\">\u25c6<\/span><span>Vollstreckung von Urteilen und Schiedsspr\u00fcchen.<\/span><\/li>\n  <li style=\"display: flex; align-items: flex-start; margin-bottom: 8px;\"><span style=\"color: #8B7D3C; margin-right: 10px; font-size: 18px; line-height: 1.4;\">\u25c6<\/span><span>Schiedsverfahren, Mediationen und Schlichtungen.<\/span><\/li>\n<\/ul>\t\t\t\t\t\t\t\t<\/div>\n\t\t\t\t<div class=\"elementor-element elementor-element-fe6e5f1 elementor-widget elementor-widget-heading\" data-id=\"fe6e5f1\" data-element_type=\"widget\" data-e-type=\"widget\" data-widget_type=\"heading.default\">\n\t\t\t\t\t<p class=\"elementor-heading-title elementor-size-default\">Nichtresidenten<\/p>\t\t\t\t<\/div>\n\t\t\t\t<div class=\"elementor-element elementor-element-3cfd16d elementor-widget elementor-widget-text-editor\" data-id=\"3cfd16d\" data-element_type=\"widget\" data-e-type=\"widget\" data-widget_type=\"text-editor.default\">\n\t\t\t\t\t\t\t\t\t<ul style=\"list-style: none; padding: 0; margin: 0;\">\n  <li style=\"display: flex; align-items: flex-start; margin-bottom: 8px;\"><span style=\"color: #8B7D3C; margin-right: 10px; font-size: 18px; line-height: 1.4;\">\u25c6<\/span><span>Umfassende Beratung bei ausl\u00e4ndischen Investitionen.<\/span><\/li>\n  <li style=\"display: flex; align-items: flex-start; margin-bottom: 8px;\"><span style=\"color: #8B7D3C; margin-right: 10px; font-size: 18px; line-height: 1.4;\">\u25c6<\/span><span>Umfassende Beratung bei Immobilienk\u00e4ufen\/-verk\u00e4ufen und Immobiliengesellschaften.<\/span><\/li>\n  <li style=\"display: flex; align-items: flex-start; margin-bottom: 8px;\"><span style=\"color: #8B7D3C; margin-right: 10px; font-size: 18px; line-height: 1.4;\">\u25c6<\/span><span>Bestellung und L\u00f6schung von Hypotheken.<\/span><\/li>\n  <li style=\"display: flex; align-items: flex-start; margin-bottom: 8px;\"><span style=\"color: #8B7D3C; margin-right: 10px; font-size: 18px; line-height: 1.4;\">\u25c6<\/span><span>Pr\u00e4vention von Geldw\u00e4sche.<\/span><\/li>\n  <li style=\"display: flex; align-items: flex-start; margin-bottom: 8px;\"><span style=\"color: #8B7D3C; margin-right: 10px; font-size: 18px; line-height: 1.4;\">\u25c6<\/span><span>Steuererkl\u00e4rungen f\u00fcr Nichtresidenten. IRPF, IS, ISyD.<\/span><\/li>\n<\/ul>\t\t\t\t\t\t\t\t<\/div>\n\t\t\t\t\t<\/div>\n\t\t\t\t<\/div>\n\t\t\t\t<\/div>\n\t\t","protected":false},"excerpt":{"rendered":"<p>Leistungen Zivilrecht \u25c6Schadensersatzklagen aus vertraglicher und au\u00dfervertraglicher Haftung. \u25c6Geldforderungen und R\u00e4umungsklagen. \u25c6Forderungseinzug und Inkassomanagement. \u25c6G\u00fcltigkeit, Auslegung, Durchf\u00fchrung, Aufl\u00f6sung und R\u00fccktritt von Vertr\u00e4gen. \u25c6Immobilienrecht, Projektentwicklung und Bauwesen. \u25c6Anspr\u00fcche wegen Baum\u00e4ngeln. \u25c6Zivil- und Handelsvertr\u00e4ge: Kauf, Miete\/Pacht, \u00dcbertragung, Handelsvertr\u00e4ge, Agentur, Vertrieb, Franchise. \u25c6Wohnungseigentumsrecht. \u25c6Sachen- und Sicherungsrechte. Darlehensvertr\u00e4ge mit Hypothekensicherheit. \u25c6Bankrecht (Mindestzins-\/\u201ecl\u00e1usula suelo\u201c-Klauseln, Vorzugsaktien, SWAP, missbr\u00e4uchliche Klauseln usw.) \u25c6Verbraucherschutz. [&hellip;]<\/p>\n","protected":false},"author":1,"featured_media":0,"parent":0,"menu_order":0,"comment_status":"closed","ping_status":"closed","template":"","meta":{"_acf_changed":false,"footnotes":""},"class_list":["post-865","page","type-page","status-publish","hentry"],"acf":[],"_links":{"self":[{"href":"https:\/\/www.bufetecontestigarau.com\/de\/wp-json\/wp\/v2\/pages\/865","targetHints":{"allow":["GET"]}}],"collection":[{"href":"https:\/\/www.bufetecontestigarau.com\/de\/wp-json\/wp\/v2\/pages"}],"about":[{"href":"https:\/\/www.bufetecontestigarau.com\/de\/wp-json\/wp\/v2\/types\/page"}],"author":[{"embeddable":true,"href":"https:\/\/www.bufetecontestigarau.com\/de\/wp-json\/wp\/v2\/users\/1"}],"replies":[{"embeddable":true,"href":"https:\/\/www.bufetecontestigarau.com\/de\/wp-json\/wp\/v2\/comments?post=865"}],"version-history":[{"count":1,"href":"https:\/\/www.bufetecontestigarau.com\/de\/wp-json\/wp\/v2\/pages\/865\/revisions"}],"predecessor-version":[{"id":866,"href":"https:\/\/www.bufetecontestigarau.com\/de\/wp-json\/wp\/v2\/pages\/865\/revisions\/866"}],"wp:attachment":[{"href":"https:\/\/www.bufetecontestigarau.com\/de\/wp-json\/wp\/v2\/media?parent=865"}],"curies":[{"name":"wp","href":"https:\/\/api.w.org\/{rel}","templated":true}]}}