{"id":867,"date":"2026-03-09T19:32:37","date_gmt":"2026-03-09T18:32:37","guid":{"rendered":"https:\/\/www.bufetecontestigarau.com\/ueber-uns\/"},"modified":"2026-04-08T17:35:32","modified_gmt":"2026-04-08T15:35:32","slug":"ueber-uns","status":"publish","type":"page","link":"https:\/\/www.bufetecontestigarau.com\/de\/ueber-uns\/","title":{"rendered":"\u00dcber uns"},"content":{"rendered":"\t\t<div data-elementor-type=\"wp-page\" data-elementor-id=\"867\" class=\"elementor elementor-867 elementor-193\" data-elementor-post-type=\"page\">\n\t\t\t\t<div class=\"elementor-element elementor-element-1687230 e-con-full cg-hero-section e-flex e-con e-parent\" data-id=\"1687230\" data-element_type=\"container\" data-e-type=\"container\" data-settings=\"{&quot;background_background&quot;:&quot;slideshow&quot;,&quot;background_slideshow_transition_duration&quot;:800,&quot;background_slideshow_ken_burns&quot;:&quot;yes&quot;,&quot;background_slideshow_gallery&quot;:[{&quot;id&quot;:491,&quot;url&quot;:&quot;https:\\\/\\\/www.bufetecontestigarau.com\\\/wp-content\\\/uploads\\\/2026\\\/03\\\/contesti-garau-nosotros.webp&quot;}],&quot;background_slideshow_loop&quot;:&quot;yes&quot;,&quot;background_slideshow_slide_duration&quot;:5000,&quot;background_slideshow_slide_transition&quot;:&quot;fade&quot;,&quot;background_slideshow_ken_burns_zoom_direction&quot;:&quot;in&quot;}\">\n\t\t\t\t<div class=\"elementor-element elementor-element-796ef6b elementor-widget__width-initial elementor-widget elementor-widget-image\" data-id=\"796ef6b\" data-element_type=\"widget\" data-e-type=\"widget\" data-widget_type=\"image.default\">\n\t\t\t\t\t\t\t\t\t\t\t\t\t\t\t<img fetchpriority=\"high\" decoding=\"async\" width=\"661\" height=\"377\" src=\"https:\/\/www.bufetecontestigarau.com\/wp-content\/uploads\/2026\/03\/CG-logo-abogados.png\" class=\"attachment-large size-large wp-image-857\" alt=\"\" srcset=\"https:\/\/www.bufetecontestigarau.com\/wp-content\/uploads\/2026\/03\/CG-logo-abogados.png 661w, https:\/\/www.bufetecontestigarau.com\/wp-content\/uploads\/2026\/03\/CG-logo-abogados-300x171.png 300w\" sizes=\"(max-width: 661px) 100vw, 661px\" \/>\t\t\t\t\t\t\t\t\t\t\t\t\t\t\t<\/div>\n\t\t\t\t<\/div>\n\t\t<div class=\"elementor-element elementor-element-483344b8 e-flex e-con-boxed e-con e-parent\" data-id=\"483344b8\" data-element_type=\"container\" data-e-type=\"container\">\n\t\t\t\t\t<div class=\"e-con-inner\">\n\t\t<div class=\"elementor-element elementor-element-6b5a242d e-con-full e-flex e-con e-child\" data-id=\"6b5a242d\" data-element_type=\"container\" data-e-type=\"container\">\n\t\t<div class=\"elementor-element elementor-element-1c942761 e-con-full e-flex e-con e-child\" data-id=\"1c942761\" data-element_type=\"container\" data-e-type=\"container\">\n\t\t\t\t<div class=\"elementor-element elementor-element-20baba22 elementor-widget elementor-widget-heading\" data-id=\"20baba22\" data-element_type=\"widget\" data-e-type=\"widget\" data-widget_type=\"heading.default\">\n\t\t\t\t\t<h1 class=\"elementor-heading-title elementor-size-default\">\u00dcber uns<\/h1>\t\t\t\t<\/div>\n\t\t\t\t<\/div>\n\t\t<div class=\"elementor-element elementor-element-3c6df36c e-con-full e-flex e-con e-child\" data-id=\"3c6df36c\" data-element_type=\"container\" data-e-type=\"container\">\n\t\t\t\t<div class=\"elementor-element elementor-element-3bf5b31 elementor-widget elementor-widget-image\" data-id=\"3bf5b31\" data-element_type=\"widget\" data-e-type=\"widget\" data-widget_type=\"image.default\">\n\t\t\t\t\t\t\t\t\t\t\t\t\t\t\t<img decoding=\"async\" width=\"90\" height=\"59\" src=\"https:\/\/www.bufetecontestigarau.com\/wp-content\/uploads\/2026\/03\/Recurso-3.png\" class=\"attachment-large size-large wp-image-862\" alt=\"\" \/>\t\t\t\t\t\t\t\t\t\t\t\t\t\t\t<\/div>\n\t\t\t\t<\/div>\n\t\t\t\t<\/div>\n\t\t\t\t\t<\/div>\n\t\t\t\t<\/div>\n\t\t<div class=\"elementor-element elementor-element-76c7780 e-flex e-con-boxed e-con e-parent\" data-id=\"76c7780\" data-element_type=\"container\" data-e-type=\"container\">\n\t\t\t\t\t<div class=\"e-con-inner\">\n\t\t\t\t<div class=\"elementor-element elementor-element-dee61e8 elementor-widget elementor-widget-text-editor\" data-id=\"dee61e8\" data-element_type=\"widget\" data-e-type=\"widget\" data-widget_type=\"text-editor.default\">\n\t\t\t\t\t\t\t\t\t<p>Gegr\u00fcndet von Joan Contesti Segu\u00ed und Pedro Garau Fortuny, verf\u00fcgt die Kanzlei in Palma de Mallorca \u00fcber eine langj\u00e4hrige und fundierte Erfahrung in der umfassenden Rechtsberatung.<\/p><p>Wir sind ein qualifiziertes Team mit tiefgreifenden lokalen Kenntnissen und internationaler juristischer Erfahrung. Wir verstehen das Recht als eine professionelle Dienstleistung, die auf Engagement und Vertrauen basiert. <\/p><p>Wir bieten Ihnen Pr\u00e4zision und eine pers\u00f6nliche Betreuung bei der Wahrung Ihrer Interessen.<\/p>\t\t\t\t\t\t\t\t<\/div>\n\t\t\t\t\t<\/div>\n\t\t\t\t<\/div>\n\t\t\t\t<\/div>\n\t\t","protected":false},"excerpt":{"rendered":"<p>\u00dcber uns Gegr\u00fcndet von Joan Contesti Segu\u00ed und Pedro Garau Fortuny, verf\u00fcgt die Kanzlei in Palma de Mallorca \u00fcber eine langj\u00e4hrige und fundierte Erfahrung in der umfassenden Rechtsberatung. Wir sind ein qualifiziertes Team mit tiefgreifenden lokalen Kenntnissen und internationaler juristischer Erfahrung. Wir verstehen das Recht als eine professionelle Dienstleistung, die auf Engagement und Vertrauen basiert. [&hellip;]<\/p>\n","protected":false},"author":1,"featured_media":0,"parent":0,"menu_order":0,"comment_status":"closed","ping_status":"closed","template":"","meta":{"_acf_changed":false,"footnotes":""},"class_list":["post-867","page","type-page","status-publish","hentry"],"acf":[],"_links":{"self":[{"href":"https:\/\/www.bufetecontestigarau.com\/de\/wp-json\/wp\/v2\/pages\/867","targetHints":{"allow":["GET"]}}],"collection":[{"href":"https:\/\/www.bufetecontestigarau.com\/de\/wp-json\/wp\/v2\/pages"}],"about":[{"href":"https:\/\/www.bufetecontestigarau.com\/de\/wp-json\/wp\/v2\/types\/page"}],"author":[{"embeddable":true,"href":"https:\/\/www.bufetecontestigarau.com\/de\/wp-json\/wp\/v2\/users\/1"}],"replies":[{"embeddable":true,"href":"https:\/\/www.bufetecontestigarau.com\/de\/wp-json\/wp\/v2\/comments?post=867"}],"version-history":[{"count":1,"href":"https:\/\/www.bufetecontestigarau.com\/de\/wp-json\/wp\/v2\/pages\/867\/revisions"}],"predecessor-version":[{"id":868,"href":"https:\/\/www.bufetecontestigarau.com\/de\/wp-json\/wp\/v2\/pages\/867\/revisions\/868"}],"wp:attachment":[{"href":"https:\/\/www.bufetecontestigarau.com\/de\/wp-json\/wp\/v2\/media?parent=867"}],"curies":[{"name":"wp","href":"https:\/\/api.w.org\/{rel}","templated":true}]}}